{"id":3,"date":"2022-11-28T16:49:24","date_gmt":"2022-11-28T16:49:24","guid":{"rendered":"http:\/\/a1329abu.kinsta.cloud\/?page_id=3"},"modified":"2023-08-12T16:39:46","modified_gmt":"2023-08-12T16:39:46","slug":"politica-de-cookies","status":"publish","type":"page","link":"https:\/\/www.tagororlosolivitos.com\/fr\/politique-en-matiere-de-cookies\/","title":{"rendered":"Politica de Cookies"},"content":{"rendered":"<h6 class=\"wp-block-heading\"><strong>1) Qu'est-ce qu'un cookie ?<\/strong><\/h6>\n\n\n\n<p>Un cookie est un fichier texte qu'un serveur web peut enregistrer sur le disque dur de votre ordinateur afin de conserver certaines informations vous concernant en tant qu'utilisateur. Les cookies sont utilis\u00e9s \u00e0 des fins diverses, telles que le stockage de donn\u00e9es pour des visites ult\u00e9rieures, la reconnaissance de l'utilisateur et l'interdiction de lui demander de se connecter \u00e0 nouveau, la connaissance des pages que vous visitez ou l'enregistrement de vos pr\u00e9f\u00e9rences dans des zones personnalisables...). En g\u00e9n\u00e9ral, les sites web utilisent des cookies pour obtenir des informations statistiques sur leurs pages web et pour analyser le comportement de leurs clients\/utilisateurs.<\/p>\n\n\n\n<p><strong>2.<\/strong>&nbsp;<strong>Types de cookies<\/strong><\/p>\n\n\n\n<p>Les cookies peuvent \u00eatre class\u00e9s selon les crit\u00e8res suivants :<\/p>\n\n\n\n<p>Selon le&nbsp;<strong>qui installe<\/strong>&nbsp;le biscuit qu'ils peuvent \u00eatre :<\/p>\n\n\n\n<p><strong>Biscuits personnels :<\/strong>&nbsp;Ce sont celles qui sont envoy\u00e9es \u00e0 l'\u00e9quipement terminal de l'utilisateur \u00e0 partir d'un ordinateur ou d'un domaine g\u00e9r\u00e9 par l'\u00e9diteur lui-m\u00eame et \u00e0 partir duquel le service demand\u00e9 par l'utilisateur est fourni.<\/p>\n\n\n\n<p><strong>Cookies de tiers :<\/strong>&nbsp;Les cookies sont ceux qui sont envoy\u00e9s \u00e0 l'\u00e9quipement terminal de l'utilisateur \u00e0 partir d'un ordinateur ou d'un domaine g\u00e9r\u00e9 par nous ou par un tiers, mais les informations collect\u00e9es par les cookies sont g\u00e9r\u00e9es par un tiers autre que le propri\u00e9taire du site web.<\/p>\n\n\n\n<p>Selon son&nbsp;<strong>d\u00e9lai<\/strong>&nbsp;Les cookies peuvent \u00eatre utilis\u00e9s pour stocker des cookies :<\/p>\n\n\n\n<p><strong>Cookies de session<\/strong>Ce sont celles qui durent tant que l'utilisateur navigue sur le site web et qui sont supprim\u00e9es \u00e0 la fin de la navigation.<\/p>\n\n\n\n<p><strong>Cookies persistants :<\/strong>&nbsp;Elles sont stock\u00e9es sur le terminal de l'utilisateur pendant une p\u00e9riode plus longue, ce qui permet de contr\u00f4ler plus facilement les pr\u00e9f\u00e9rences choisies sans avoir \u00e0 r\u00e9p\u00e9ter certains param\u00e8tres \u00e0 chaque visite du site web.<\/p>\n\n\n\n<p>Selon son&nbsp;<strong>objectif<\/strong>&nbsp;Les biscuits peuvent l'\u00eatre :<\/p>\n\n\n\n<p><strong>Cookies techniques :<\/strong>&nbsp;Les cookies techniques sont ceux qui sont essentiels et strictement n\u00e9cessaires au bon fonctionnement d'un site web et \u00e0 l'utilisation des diff\u00e9rentes options et services qu'il propose. Par exemple, les cookies de maintenance de session, les cookies qui permettent d'utiliser les \u00e9l\u00e9ments de s\u00e9curit\u00e9, le partage de contenu avec les r\u00e9seaux sociaux, etc.<\/p>\n\n\n\n<p><strong>Cookies de personnalisation :<\/strong>&nbsp;Ils permettent \u00e0 l'utilisateur de choisir ou de personnaliser les caract\u00e9ristiques du site web, telles que la langue, les param\u00e8tres r\u00e9gionaux ou le type de navigateur.<\/p>\n\n\n\n<p><strong>Cookies analytiques :<\/strong>&nbsp;Les portails web les utilisent pour cr\u00e9er des profils de navigation et conna\u00eetre les pr\u00e9f\u00e9rences des utilisateurs afin d'am\u00e9liorer l'offre de produits et de services. Ils permettent de suivre les zones g\u00e9ographiques qui int\u00e9ressent le plus l'utilisateur, les informations les plus populaires sur le site web, etc.<\/p>\n\n\n\n<p><strong>Cookies publicitaires :<\/strong>&nbsp;Ils permettent de g\u00e9rer les espaces publicitaires selon des crit\u00e8res sp\u00e9cifiques. Par exemple, la fr\u00e9quence d'acc\u00e8s, le contenu \u00e9dit\u00e9, etc. Les cookies publicitaires permettent \u00e0 la r\u00e9gie publicitaire de stocker des informations comportementales gr\u00e2ce \u00e0 l'observation des habitudes, \u00e0 l'\u00e9tude des acc\u00e8s et \u00e0 la formation d'un profil des pr\u00e9f\u00e9rences de l'utilisateur, afin de lui proposer des publicit\u00e9s en rapport avec les int\u00e9r\u00eats de son profil.<\/p>\n\n\n\n<p><strong>3. Cookies utilis\u00e9s sur notre site web<\/strong><\/p>\n\n\n\n<p>tagororlosolivitos.com utilise les types de cookies suivants sur le site web :<\/p>\n\n\n\n<p><strong>Cookies techniques<\/strong><\/p>\n\n\n\n<p>Ils permettent \u00e0 l'utilisateur de naviguer sur le site web et d'utiliser des fonctionnalit\u00e9s telles que le panier d'achat.<\/p>\n\n\n\n<p><strong>Cookies de personnalisation<\/strong><\/p>\n\n\n\n<p>Ils nous permettent de conna\u00eetre les pr\u00e9f\u00e9rences de l'utilisateur : langue, produits visit\u00e9s...<\/p>\n\n\n\n<p><strong>Cookies analytiques<\/strong><\/p>\n\n\n\n<p>Nous utilisons les cookies Google Analytics et Smartlook pour quantifier le nombre d'utilisateurs qui visitent le site web. Ces cookies nous permettent de mesurer et d'analyser la fa\u00e7on dont les utilisateurs naviguent sur le site. Ces informations permettent \u00e0 tagororlosolivitos.com d'am\u00e9liorer continuellement ses services et l'exp\u00e9rience des utilisateurs du site. Pour plus d'informations, vous pouvez consulter la page de confidentialit\u00e9 de Google Analytics :&nbsp;<a href=\"https:\/\/developers.google.com\/analytics\/devguides\/collection\/analyticsjs\/cookie-usage\" target=\"_blank\" rel=\"noreferrer noopener\">https:\/\/developers.google.com\/analytics\/devguides\/collection\/analyticsjs\/cookie-usage<\/a>.<\/p>\n\n\n\n<p><strong>Cookies publicitaires et de publicit\u00e9 comportementale<\/strong><\/p>\n\n\n\n<p>Ces cookies sont utilis\u00e9s pour montrer des publicit\u00e9s pertinentes aux utilisateurs en fonction de leur utilisation de notre site web. Ils limitent \u00e9galement le nombre de fois que chaque utilisateur voit une publicit\u00e9 et aident tagororlosolivitos.com \u00e0 mesurer l'efficacit\u00e9 de ses campagnes publicitaires. En naviguant sur le Web, l'utilisateur accepte que nous installions ce type de cookies sur son appareil et que nous les interrogions lors de ses futures visites sur le Web tagororlosolivitos.com.&nbsp;<\/p>\n\n\n\n<p><strong>Cookies install\u00e9s dans notre domaine web :<\/strong><\/p>\n\n\n\n<p>Ce site web, comme la plupart des sites web, comprend des fonctionnalit\u00e9s fournies par des tiers.<\/p>\n\n\n\n<p>Notre site web est un site vivant et peut inclure de nouvelles conceptions ou de nouveaux services de tiers. Cela peut occasionnellement modifier les param\u00e8tres des cookies et entra\u00eener l'installation de cookies qui ne sont pas d\u00e9taill\u00e9s dans la pr\u00e9sente politique.<\/p>\n\n\n\n<p><strong>Les cookies tiers utilis\u00e9s sur notre site web et install\u00e9s par des domaines tiers sont les suivants :<\/strong><\/p>\n\n\n\n<figure class=\"wp-block-table\"><table><thead><tr><td>Soutien<\/td><td>Nom<\/td><td>Quand est-il install\u00e9 ?<\/td><td>Description<\/td><td>La dur\u00e9e<\/td><td>Pour plus d'informations, veuillez contacter<\/td><\/tr><\/thead><tbody><tr><td>Application Turitop<\/td><td>PHPSESSID<\/td><td>En acc\u00e9dant \u00e0 la section d'achat de billets<\/td><td>Ce cookie est utilis\u00e9 par le langage de codage PHP pour permettre le stockage de variables SESSION sur le serveur web. Ce cookie est essentiel au fonctionnement du site web.<\/td><td>En session<\/td><td><a href=\"https:\/\/www.turitop.com\/es\/\" target=\"_blank\" rel=\"noreferrer noopener\">Cliquez ici<\/a><\/td><\/tr><tr><td>Application Turitop<\/td><td>iframe-M1<\/td><td>En acc\u00e9dant \u00e0 la section d'achat de billets<\/td><td>&nbsp;<\/td><td>1 jour<\/td><td><a href=\"https:\/\/www.turitop.com\/es\/\" target=\"_blank\" rel=\"noreferrer noopener\">Cliquez ici<\/a><\/td><\/tr><\/tbody><\/table><\/figure>\n\n\n\n<p>Notre site ne contr\u00f4le pas les&nbsp;<em>biscuits<\/em>&nbsp;utilis\u00e9es par ces tiers. Pour plus d'informations sur&nbsp;<em>biscuits<\/em>&nbsp;des m\u00e9dias sociaux ou d'autres sites web de tiers, nous vous conseillons de consulter leurs propres politiques en mati\u00e8re de protection de la vie priv\u00e9e.&nbsp;<em>biscuits.<\/em><\/p>\n\n\n\n<p><strong>4. Information et obtention du consentement pour l'installation<\/strong><\/p>\n\n\n\n<p>tagororlosolivitos.com s'efforcera \u00e0 tout moment de mettre en place des m\u00e9canismes appropri\u00e9s pour obtenir le consentement de l'utilisateur pour l'installation des cookies qui le n\u00e9cessitent. Lorsqu'un utilisateur acc\u00e8de \u00e0 notre site web, une fen\u00eatre pop-up appara\u00eet pour l'informer de l'existence de cookies et du fait que s'il continue \u00e0 naviguer sur notre site web, il donne son consentement \u00e0 l'installation de ces derniers.<\/p>\n\n\n\n<p><strong>5) Comment puis-je emp\u00eacher l'installation de cookies ?<\/strong><\/p>\n\n\n\n<p>L'utilisateur peut configurer son navigateur pour qu'il accepte ou non les cookies qu'il re\u00e7oit ou pour que le navigateur l'avertisse lorsqu'un serveur veut enregistrer un cookie. Si certains cookies techniques sont d\u00e9sactiv\u00e9s, le bon fonctionnement de certains services du site n'est pas garanti.<\/p>\n\n\n\n<p>L'utilisateur peut exclure le stockage de cookies sur son terminal \".<em>analyse et publicit\u00e9\".<\/em>&nbsp;de Google Analytics \u00e0 l'aide de la&nbsp;<a href=\"https:\/\/tools.google.com\/dlpage\/gaoptout\" target=\"_blank\" rel=\"noreferrer noopener\">les syst\u00e8mes de d\u00e9sactivation fournis par Google Analytics.<\/a><\/p>\n\n\n\n<p>Vous trouverez \u00e9galement ci-dessous des exemples de d\u00e9sactivation des cookies :<\/p>\n\n\n\n<p>a) Par la configuration du navigateur lui-m\u00eame :<\/p>\n\n\n\n<ul class=\"wp-block-list\">\n<li>Internet Explorer :&nbsp;<a href=\"http:\/\/windows.microsoft.com\/es-es\/windows-vista\/block-or-allow-cookies\" target=\"_blank\" rel=\"noreferrer noopener\">http:\/\/windows.microsoft.com\/es-es\/windows-vista\/block-or-allow-cookies<\/a><\/li>\n\n\n\n<li>Firefox :&nbsp;<a href=\"https:\/\/support.mozilla.org\/es\/kb\/habilitar-y-deshabilitar-cookies-que-los-sitios-web\" target=\"_blank\" rel=\"noreferrer noopener\">https:\/\/support.mozilla.org\/es\/kb\/habilitar-y-deshabilitar-cookies-que-los-sitios-web<\/a><\/li>\n\n\n\n<li>Safari : &nbsp;<a href=\"http:\/\/support.apple.com\/kb\/HT1677?viewlocale=es_ES\" target=\"_blank\" rel=\"noreferrer noopener\">http:\/\/support.apple.com\/kb\/HT1677?viewlocale=es_ES<\/a>.<\/li>\n\n\n\n<li>Chrome :&nbsp;<a href=\"https:\/\/support.google.com\/accounts\/answer\/61416?hl=es\" target=\"_blank\" rel=\"noreferrer noopener\">https:\/\/support.google.com\/accounts\/answer\/61416?hl=es<\/a>.<\/li>\n\n\n\n<li>Op\u00e9ra :&nbsp;<a href=\"http:\/\/help.opera.com\/Windows\/11.50\/es-ES\/cookies.html\" target=\"_blank\" rel=\"noreferrer noopener\">http:\/\/help.opera.com\/Windows\/11.50\/es-ES\/cookies.html<\/a><\/li>\n<\/ul>\n\n\n\n<p>Pour plus d'informations, consultez la page de l'Agence espagnole de protection des donn\u00e9es sur la mani\u00e8re de configurer les param\u00e8tres de confidentialit\u00e9 sur les r\u00e9seaux sociaux, les navigateurs et les syst\u00e8mes d'exploitation mobiles.&nbsp;<a href=\"http:\/\/www.agpd.es\/portalwebAGPD\/CanalDelCiudadano\/protegetuprivacidad\/index-ides-idphp.php\" target=\"_blank\" rel=\"noreferrer noopener\">Plus d'informations.<\/a><\/p>\n\n\n\n<p>b) par l'interm\u00e9diaire d'outils tiers :<\/p>\n\n\n\n<p>Il existe des outils en ligne de tiers qui permettent aux utilisateurs de d\u00e9tecter les cookies sur chaque site web qu'ils visitent et de g\u00e9rer leur d\u00e9sactivation, par exemple :<\/p>\n\n\n\n<p><a href=\"http:\/\/www.ghostery.com\/\" target=\"_blank\" rel=\"noreferrer noopener\">http:\/\/www.ghostery.com<\/a><br><a href=\"http:\/\/www.youronlinechoices.com\/es\/\" target=\"_blank\" rel=\"noreferrer noopener\">http:\/\/www.youronlinechoices.com\/es\/<\/a><\/p>\n\n\n\n<p>&nbsp;<strong>6. Liens vers d'autres sites web<\/strong><\/p>\n\n\n\n<p>Si vous choisissez de quitter notre site web par des liens vers des sites web qui n'appartiennent pas \u00e0 notre soci\u00e9t\u00e9, nous ne sommes pas responsables des politiques de confidentialit\u00e9 de ces sites web ou des cookies qu'ils peuvent stocker sur votre ordinateur.<\/p>\n\n\n\n<p><strong>7. comment collectons-nous et utilisons-nous les adresses IP ?<\/strong><\/p>\n\n\n\n<p>Les serveurs web pourront d\u00e9tecter automatiquement l'adresse IP et le nom de domaine utilis\u00e9s par les utilisateurs.<\/p>\n\n\n\n<p>Une adresse IP est un num\u00e9ro automatiquement attribu\u00e9 \u00e0 un ordinateur lorsqu'il se connecte \u00e0 Internet. Cette information permet le traitement ult\u00e9rieur des donn\u00e9es afin de savoir si vous avez donn\u00e9 votre consentement \u00e0 l'installation de cookies, d'effectuer des mesures statistiques permettant de conna\u00eetre le nombre de visites effectu\u00e9es sur le site, l'ordre des visites, le point d'acc\u00e8s, etc.<\/p>\n\n\n\n<p><strong>8. Mise \u00e0 jour de notre politique en mati\u00e8re de cookies<\/strong><\/p>\n\n\n\n<p>Cette politique est revue p\u00e9riodiquement pour s'assurer qu'elle est \u00e0 jour et peut \u00eatre modifi\u00e9e de temps \u00e0 autre. Nous vous encourageons \u00e0 visiter le site r\u00e9guli\u00e8rement et nous vous informerons de toute mise \u00e0 jour de cette politique.<\/p>","protected":false},"excerpt":{"rendered":"<p>1. \u00bfQu\u00e9 son las cookies? Una cookie es un archivo de texto que un servidor web puede guardar en el disco duro de su ordenador para almacenar cierta informaci\u00f3n sobre usted como usuario. Las cookies se utilizan con diversos fines, como almacenar datos para futuras visitas, reconocer al usuario y evitar pedirle que se autentique&#8230;<\/p>","protected":false},"author":1,"featured_media":0,"parent":0,"menu_order":96,"comment_status":"closed","ping_status":"closed","template":"","meta":{"_kad_blocks_custom_css":"","_kad_blocks_head_custom_js":"","_kad_blocks_body_custom_js":"","_kad_blocks_footer_custom_js":"","_kad_post_transparent":"","_kad_post_title":"","_kad_post_layout":"","_kad_post_sidebar_id":"","_kad_post_content_style":"","_kad_post_vertical_padding":"","_kad_post_feature":"","_kad_post_feature_position":"","_kad_post_header":false,"_kad_post_footer":false,"footnotes":""},"class_list":["post-3","page","type-page","status-publish","hentry"],"featured_image_src_large":false,"author_info":{"display_name":"admin","author_link":"https:\/\/www.tagororlosolivitos.com\/fr\/blog\/author\/e9jcgswvneybrica\/"},"comment_info":0,"taxonomy_info":[],"_links":{"self":[{"href":"https:\/\/www.tagororlosolivitos.com\/fr\/wp-json\/wp\/v2\/pages\/3","targetHints":{"allow":["GET"]}}],"collection":[{"href":"https:\/\/www.tagororlosolivitos.com\/fr\/wp-json\/wp\/v2\/pages"}],"about":[{"href":"https:\/\/www.tagororlosolivitos.com\/fr\/wp-json\/wp\/v2\/types\/page"}],"author":[{"embeddable":true,"href":"https:\/\/www.tagororlosolivitos.com\/fr\/wp-json\/wp\/v2\/users\/1"}],"replies":[{"embeddable":true,"href":"https:\/\/www.tagororlosolivitos.com\/fr\/wp-json\/wp\/v2\/comments?post=3"}],"version-history":[{"count":8,"href":"https:\/\/www.tagororlosolivitos.com\/fr\/wp-json\/wp\/v2\/pages\/3\/revisions"}],"predecessor-version":[{"id":2206,"href":"https:\/\/www.tagororlosolivitos.com\/fr\/wp-json\/wp\/v2\/pages\/3\/revisions\/2206"}],"wp:attachment":[{"href":"https:\/\/www.tagororlosolivitos.com\/fr\/wp-json\/wp\/v2\/media?parent=3"}],"curies":[{"name":"wp","href":"https:\/\/api.w.org\/{rel}","templated":true}]}}