{"id":1889,"date":"2023-07-14T22:59:51","date_gmt":"2023-07-14T22:59:51","guid":{"rendered":"https:\/\/tagororlosolivitos.com\/?page_id=1889"},"modified":"2023-08-12T16:39:34","modified_gmt":"2023-08-12T16:39:34","slug":"proteccion-de-datos","status":"publish","type":"page","link":"https:\/\/www.tagororlosolivitos.com\/fr\/protection-des-donnees\/","title":{"rendered":"Protection des donn\u00e9es"},"content":{"rendered":"<style>.wp-block-kadence-spacer.kt-block-spacer-_c5fc81-29 .kt-block-spacer{height:80px;}.wp-block-kadence-spacer.kt-block-spacer-_c5fc81-29 .kt-divider{border-top-width:1px;height:1px;border-top-color:var(--global-palette7, #EDF2F7);width:80%;border-top-style:solid;}<\/style>\n<div class=\"wp-block-kadence-spacer aligncenter kt-block-spacer-_c5fc81-29\"><div class=\"kt-block-spacer kt-block-spacer-halign-center\"><hr class=\"kt-divider\"\/><\/div><\/div>\n\n\n\n<h6 class=\"wp-block-heading\"><strong>INFORMATIONS DE BASE SUR LA PROTECTION DES DONN\u00c9ES<\/strong><\/h6>\n\n\n\n<figure class=\"wp-block-table\"><table><tbody><tr><td><strong>Responsable<\/strong><\/td><td>tagororlosolivitos.com<\/td><\/tr><tr><td><strong>Objectif<\/strong><\/td><td>Pour traiter les demandes faites par l'interm\u00e9diaire du site web, g\u00e9rer vos achats en ligne, vous enregistrer en tant qu'utilisateur. + d'infos<\/td><\/tr><tr><td><strong>L\u00e9gitimation<\/strong><\/td><td>Consentement de la personne concern\u00e9e et ex\u00e9cution d'un pr\u00e9-contrat\/contrat + info<\/td><\/tr><tr><td><strong>Destinataires<\/strong><\/td><td>Aucune donn\u00e9e ne sera transmise \u00e0 des tiers, sauf si la loi l'exige ou si cela est n\u00e9cessaire pour traiter votre demande + info<\/td><\/tr><tr><td><strong>Droits de l'homme<\/strong><\/td><td>Vous pouvez exercer vos droits d'acc\u00e8s, de rectification, d'effacement et d'opposition, de limitation du traitement, de portabilit\u00e9 des donn\u00e9es et le droit de ne pas faire l'objet d'une prise de d\u00e9cision individualis\u00e9e automatis\u00e9e. + Plus d'informations<\/td><\/tr><tr><td><strong>Informations compl\u00e9mentaires<\/strong><\/td><td>De plus amples informations sur la protection des donn\u00e9es sont disponibles sur notre site web. + Plus d'informations<\/td><\/tr><\/tbody><\/table><\/figure>\n\n\n\n<p>Tagororlosolivitos, ci-apr\u00e8s, s'engage \u00e0 respecter \u00e0 tout moment la l\u00e9gislation en vigueur en mati\u00e8re de traitement des donn\u00e9es \u00e0 caract\u00e8re personnel. Par le biais de la politique de confidentialit\u00e9 suivante, Tagorlosolivitos, conform\u00e9ment aux dispositions du RGPD, informe les utilisateurs de ce qui suit :<\/p>\n\n\n\n<p><strong>1. QUI EST LE CONTR\u00d4LEUR ?<\/strong><\/p>\n\n\n\n<p>Tagororlosolivitos. est responsable du traitement de vos donn\u00e9es :<\/p>\n\n\n\n<figure class=\"wp-block-table\"><table><tbody><tr><td><strong>Identit\u00e9<\/strong><\/td><td>Tagororlosolivitos<\/td><\/tr><tr><td><strong>Adresse<\/strong><\/td><td>Calle la Hoyita 5 Adeje<\/td><\/tr><tr><td><strong>T\u00e9l\u00e9phone<\/strong><\/td><td><strong><a href=\"tel:+34 625 624 427\" data-type=\"tel\" data-id=\"tel:+34 625 624 427\">+34 625 624 427<\/a><\/strong><\/td><\/tr><tr><td><strong>Web<\/strong><\/td><td>tagororlosolivitos.com<\/td><\/tr><tr><td><strong>Adresse \u00e9lectronique<\/strong><\/td><td>Tagororlosolivitos@gmail.com<\/td><\/tr><\/tbody><\/table><\/figure>\n\n\n\n<p>Tagororlosolivitos informe l'utilisateur que les donn\u00e9es fournies \u00e0 travers la navigation sur notre site web, le formulaire de contact ou l'envoi de courriers \u00e9lectroniques seront trait\u00e9es par Tagororlosolivitos et que ce traitement est inclus dans le Registre des activit\u00e9s de traitement g\u00e9r\u00e9 par Tagororlosolivitos conform\u00e9ment aux dispositions du RGPD.<\/p>\n\n\n\n<p><strong>2. \u00c0 QUOI SERVENT VOS DONN\u00c9ES PERSONNELLES ?<\/strong><\/p>\n\n\n\n<p>En acceptant la politique de confidentialit\u00e9 de tagorororlosolivitos.com, vous nous autorisez \u00e0 utiliser et \u00e0 traiter les donn\u00e9es personnelles fournies aux fins suivantes :<\/p>\n\n\n\n<ul class=\"wp-block-list\">\n<li>Pour vous envoyer les informations et vous fournir le service que vous demandez par le biais des diff\u00e9rents formulaires disponibles sur notre site web.<\/li>\n\n\n\n<li>Pour vous fournir des informations sur les offres, les produits et les services demand\u00e9s.<\/li>\n\n\n\n<li>De temps \u00e0 autre, Tagororlosolivitos peut utiliser vos informations personnelles pour vous envoyer des notifications par courrier \u00e9lectronique. Ces notifications seront faites pour vous informer des changements apport\u00e9s \u00e0 nos services ou produits ou \u00e0 nos politiques et conditions l\u00e9gales.<\/li>\n\n\n\n<li>Traiter votre achat-r\u00e9servation en ligne par le biais de notre plateforme.<\/li>\n\n\n\n<li>Vous envoyer des communications commerciales sur les offres, les activit\u00e9s et les promotions de Tagororlosolivitos et du secteur qui peuvent vous int\u00e9resser par des moyens conventionnels ou \u00e9lectroniques lorsque vous avez coch\u00e9 la case indiquant que vous souhaitez recevoir des informations.<\/li>\n<\/ul>\n\n\n\n<p>www.Tagororlosolivitos.com s'efforcera \u00e0 tout moment de mettre en place des m\u00e9canismes appropri\u00e9s pour obtenir le consentement de l'utilisateur \u00e0 l'installation des cookies qui le n\u00e9cessitent. Lorsqu'un utilisateur acc\u00e8de \u00e0 notre site web, une fen\u00eatre pop-up appara\u00eet pour l'informer de l'existence de cookies et du fait que s'il continue \u00e0 naviguer sur notre site web, il donne son consentement \u00e0 leur installation. L'acceptation de l'installation des cookies implique l'acceptation de la conservation de l'adresse IP dans les registres de tagororlosolivitos.com, avec la date d'acceptation, pendant une p\u00e9riode d'un an, afin de prouver le consentement donn\u00e9. Vous pouvez obtenir plus d'informations dans notre \"Politique en mati\u00e8re de cookies\".<\/p>\n\n\n\n<p><strong>3. QUELLE EST LA L\u00c9GITIMIT\u00c9 DU TRAITEMENT DE VOS DONN\u00c9ES ?<\/strong><\/p>\n\n\n\n<p>La l\u00e9gitimit\u00e9 du traitement de vos donn\u00e9es par Tagororlosolivitos est fond\u00e9e sur :<\/p>\n\n\n\n<ul class=\"wp-block-list\">\n<li>Dans le cadre de la&nbsp;<strong>ex\u00e9cution d'un pr\u00e9-contrat\/contrat<\/strong>&nbsp;vous envoyer les informations et vous fournir le service demand\u00e9, g\u00e9rer votre achat en ligne et vous enregistrer en tant qu'utilisateur inscrit, sans quoi il ne sera pas possible de le faire.<\/li>\n\n\n\n<li>Dans le cadre de la\u00a0<strong>consentement de l'utilisateur<\/strong>\u00a0envoyer des communications commerciales sur les offres, les activit\u00e9s et les promotions de Tagororlosolivitos et du secteur qui peuvent vous int\u00e9resser et la gestion de notre blog. L'utilisateur peut r\u00e9voquer le consentement donn\u00e9 \u00e0 tout moment.<\/li>\n<\/ul>\n\n\n\n<p><strong>4. COMBIEN DE TEMPS CONSERVONS-NOUS VOS DONN\u00c9ES ?<\/strong><\/p>\n\n\n\n<p>Les donn\u00e9es permettant de vous envoyer les informations ou de vous fournir le service que vous demandez \u00e0 travers les diff\u00e9rents formulaires disponibles sur notre site web, de g\u00e9rer votre achat en ligne \u00e0 travers notre plateforme, et votre enregistrement en tant qu'utilisateur seront conserv\u00e9es pendant la dur\u00e9e de la relation contractuelle, et une fois qu'elle aura expir\u00e9 pendant la p\u00e9riode de prescription l\u00e9gale.<\/p>\n\n\n\n<p>Les donn\u00e9es trait\u00e9es pour l'envoi de communications commerciales sur les offres, les activit\u00e9s et les promotions de Tagororlosolivitos et du secteur susceptibles d'int\u00e9resser l'utilisateur seront conserv\u00e9es tant que l'utilisateur ne r\u00e9voque pas le consentement donn\u00e9.<\/p>\n\n\n\n<p>L'adresse IP obtenue par le biais des cookies sera conserv\u00e9e pendant une p\u00e9riode d'un an, afin de d\u00e9montrer le consentement de l'utilisateur.<\/p>\n\n\n\n<p>En ce qui concerne la p\u00e9riode de conservation des cookies, vous trouverez plus d'informations sur notre site web dans la section \"Politique en mati\u00e8re de cookies\".<\/p>\n\n\n\n<p><strong>5. QUEL TYPE DE DONN\u00c9ES TRAITONS-NOUS \u00c0 PARTIR DE NOS UTILISATEURS ?<\/strong><\/p>\n\n\n\n<p>Tagororlosolivitos. traite les cat\u00e9gories de donn\u00e9es suivantes :<\/p>\n\n\n\n<p><strong>a) Donn\u00e9es des utilisateurs qui remplissent l'un des formulaires disponibles :\u00a0<\/strong>Les donn\u00e9es personnelles demand\u00e9es par Tagororlosolivitos. incluent :<\/p>\n\n\n\n<ul class=\"wp-block-list\">\n<li><strong>Donn\u00e9es d'identification :&nbsp;<\/strong>nom, t\u00e9l\u00e9phone, adresse postale et adresse \u00e9lectronique<\/li>\n\n\n\n<li><strong>Donn\u00e9es relatives \u00e0 la demande<\/strong><\/li>\n<\/ul>\n\n\n\n<p><strong>b) Les donn\u00e9es des utilisateurs qui s'inscrivent sur notre plateforme :<\/strong><\/p>\n\n\n\n<ul class=\"wp-block-list\">\n<li><strong>Donn\u00e9es d'identification :&nbsp;<\/strong>Nom et pr\u00e9nom, adresse postale et \u00e9lectronique, t\u00e9l\u00e9phone, adresse de facturation.<\/li>\n<\/ul>\n\n\n\n<p><strong>c) Donn\u00e9es des utilisateurs qui effectuent un achat :<\/strong><\/p>\n\n\n\n<ul class=\"wp-block-list\">\n<li><strong>Donn\u00e9es d'identification :&nbsp;<\/strong>Traitement, nom, pr\u00e9nom, nom de famille, adresse postale et \u00e9lectronique, t\u00e9l\u00e9phone, adresse de facturation.<\/li>\n\n\n\n<li><strong>Donn\u00e9es de transaction : produits achet\u00e9s et moyens de paiement<\/strong><\/li>\n<\/ul>\n\n\n\n<p><strong>Seulement \u00e0 partir de 16 ans<\/strong>&nbsp;peuvent fournir des donn\u00e9es par l'interm\u00e9diaire de notre site web. Si vous n'avez pas l'\u00e2ge requis, vous devez obtenir le consentement de vos parents ou de vos tuteurs l\u00e9gaux.<\/p>\n\n\n\n<p>L'Utilisateur garantit l'authenticit\u00e9 et l'actualit\u00e9 de toutes les donn\u00e9es communiqu\u00e9es \u00e0 Tagororlosolivitos et d\u00e9clare avoir plus de 16 ans, \u00e9tant le seul responsable des d\u00e9clarations fausses ou inexactes qu'il fait.<\/p>\n\n\n\n<p>Les donn\u00e9es personnelles trait\u00e9es par Tagororlosolivitos. peuvent \u00eatre obligatoires ou volontaires.<\/p>\n\n\n\n<p>Les informations volontaires sont des informations que l'utilisateur n'est pas oblig\u00e9 de fournir pour nous contacter.<\/p>\n\n\n\n<p>Les champs marqu\u00e9s d'un ast\u00e9risque (*) ou de la mention (obligatoire) dans nos formulaires sont obligatoires, le refus de les fournir signifiera que nous ne serons pas en mesure de fournir le service ou de r\u00e9pondre \u00e0 votre demande.<\/p>\n\n\n\n<p>Dans le cas o\u00f9 vous nous fournissez des donn\u00e9es de tiers, vous d\u00e9clarez avoir leur consentement et vous vous engagez \u00e0 leur fournir l'information pr\u00e9vue dans cette clause, en exemptant Tagorlosolivitos. de tout type d'obligation. Toutefois, Tagorlosolivitos. pourra effectuer des contr\u00f4les pour v\u00e9rifier que le tiers a \u00e9t\u00e9 inform\u00e9, en adoptant les mesures de diligence \u00e9tablies dans la r\u00e9glementation relative \u00e0 la protection des donn\u00e9es.<\/p>\n\n\n\n<p><strong>6. \u00c0 QUI VOS DONN\u00c9ES SERONT-ELLES COMMUNIQU\u00c9ES ?<\/strong><\/p>\n\n\n\n<p>Aucune donn\u00e9e ne sera transmise \u00e0 des tiers, sauf si la loi l'exige ou si cela est n\u00e9cessaire pour r\u00e9pondre \u00e0 votre demande.<\/p>\n\n\n\n<p><strong>7. QUELS SONT VOS DROITS ET COMMENT POUVEZ-VOUS LES EXERCER ?<\/strong><\/p>\n\n\n\n<p>L'utilisateur peut exercer les droits suivants devant Tagorlosolivitos :<\/p>\n\n\n\n<ol class=\"wp-block-list\">\n<li>Acc\u00e8s \u00e0 vos donn\u00e9es personnelles<\/li>\n\n\n\n<li>les rectifier lorsqu'elles sont inexactes ou incompl\u00e8tes<\/li>\n\n\n\n<li>Demander la suppression ou l'annulation des donn\u00e9es lorsque, entre autres raisons, elles ne sont plus n\u00e9cessaires aux fins pour lesquelles elles ont \u00e9t\u00e9 collect\u00e9es.<\/li>\n\n\n\n<li>S'opposer \u00e0 votre traitement<\/li>\n\n\n\n<li>demander la limitation du traitement de leurs donn\u00e9es lorsque l'une des conditions pr\u00e9vues par la r\u00e9glementation est remplie.<\/li>\n\n\n\n<li>Demander la portabilit\u00e9 de vos donn\u00e9es dans les cas pr\u00e9vus par la r\u00e9glementation.<\/li>\n\n\n\n<li>\u00c9viter les d\u00e9cisions automatis\u00e9es<\/li>\n\n\n\n<li>R\u00e9voquer les consentements donn\u00e9s<\/li>\n<\/ol>\n\n\n\n<p>Pour exercer ses droits, l'utilisateur doit envoyer une demande \u00e9crite indiquant le droit qu'il souhaite exercer et joindre un document attestant de son identit\u00e9 ainsi qu'une adresse postale ou \u00e9lectronique \u00e0 des fins de notification. Cette demande peut \u00eatre faite par courrier \u00e0 l'adresse suivante Tagororlosolivitos@gmail.com.<\/p>\n\n\n\n<p>Tagororlosolivitos. r\u00e9pondra \u00e0 la demande d'exercice des droits dans l'espace r\u00e9serv\u00e9 \u00e0 cet effet.\u00a0<strong>p\u00e9riode d'un mois<\/strong>\u00a0\u00e0 compter de la r\u00e9ception de la demande. Ce d\u00e9lai peut \u00eatre prolong\u00e9 de deux mois suppl\u00e9mentaires si n\u00e9cessaire, en tenant compte de la complexit\u00e9 et du nombre de demandes. Nous vous informerons de toute prolongation dans un d\u00e9lai d'un mois \u00e0 compter de la r\u00e9ception de la demande, en pr\u00e9cisant les raisons du retard.<\/p>\n\n\n\n<p>De m\u00eame, les int\u00e9ress\u00e9s ont le droit de se plaindre aupr\u00e8s de l'Autorit\u00e9 de contr\u00f4le comp\u00e9tente (Agence espagnole de protection des donn\u00e9es) lorsqu'ils consid\u00e8rent que Tagororlosolivitos. a enfreint les droits que la r\u00e9glementation sur la protection des donn\u00e9es reconna\u00eet dans les cas suivants\u00a0<a href=\"http:\/\/www.aepd.es\/\" target=\"_blank\" rel=\"noreferrer noopener\">www.aepd.es<\/a><\/p>\n\n\n\n<p><strong>8. MES DONN\u00c9ES SONT-ELLES S\u00c9CURIS\u00c9ES ?<\/strong><\/p>\n\n\n\n<p>Tagororlosolivitos. a conclu un contrat avec l'entreprise TURITOP S.L. pour l'h\u00e9bergement de son site web. Il s'agit d'une entreprise europ\u00e9enne qui dispose des syst\u00e8mes les plus r\u00e9cents en mati\u00e8re de mesures de s\u00e9curit\u00e9.<\/p>\n\n\n\n<p>Tagororlosolivitos. garantit l'adoption des mesures appropri\u00e9es pour assurer le traitement confidentiel de vos donn\u00e9es, compte tenu de leur caract\u00e8re confidentiel.<\/p>\n\n\n\n<p>Tagororlosolivitos. s'engage \u00e0 ce que ces donn\u00e9es restent secr\u00e8tes, en les traitant avec la plus grande r\u00e9serve, et d\u00e9clare avoir mis en \u0153uvre dans son syst\u00e8me d'information, les politiques de s\u00e9curit\u00e9 correspondant au type de donn\u00e9es trait\u00e9es conform\u00e9ment aux dispositions du R\u00c8GLEMENT (UE) 2016\/679 DU PARLEMENT EUROP\u00c9EN ET DU CONSEIL du 27 avril 2016 relatif \u00e0 la protection des personnes physiques \u00e0 l'\u00e9gard du traitement des donn\u00e9es \u00e0 caract\u00e8re personnel et \u00e0 la libre circulation de ces donn\u00e9es (GDPR).<\/p>\n\n\n\n<p><strong>9. AVEZ-VOUS BESOIN D'UN COMPTE ET\/OU D'UN MOT DE PASSE ?<\/strong><\/p>\n\n\n\n<p>L'utilisateur peut s'inscrire sur notre site web, pour lequel il est indispensable de cr\u00e9er un compte. Il incombe \u00e0 l'utilisateur de pr\u00e9server la confidentialit\u00e9 des informations relatives au compte, y compris le mot de passe, ainsi que de toutes les activit\u00e9s effectu\u00e9es sur le compte.<\/p>\n\n\n\n<p>L'utilisateur est tenu d'informer imm\u00e9diatement Tagororlosolivitos de toute utilisation illicite de son compte ou de son mot de passe, ou de tout probl\u00e8me de s\u00e9curit\u00e9, en envoyant un courrier \u00e9lectronique \u00e0 iTagororlosolivitos@gmail.com.<\/p>\n\n\n\n<p><strong>10. LIENS VERS D'AUTRES SITES WEB<\/strong><\/p>\n\n\n\n<p>Si vous d\u00e9cidez de quitter notre site en cliquant sur des liens vers des sites qui n'appartiennent pas \u00e0 notre entreprise, Tagororlosolivitos. ne sera pas responsable des politiques de confidentialit\u00e9 de ces sites ni des cookies qu'ils peuvent stocker sur l'ordinateur de l'utilisateur.<\/p>\n\n\n<style>.wp-block-kadence-spacer.kt-block-spacer-_f4fc7e-08 .kt-block-spacer{height:80px;}.wp-block-kadence-spacer.kt-block-spacer-_f4fc7e-08 .kt-divider{border-top-width:1px;height:1px;border-top-color:var(--global-palette7, #EDF2F7);width:80%;border-top-style:solid;}<\/style>\n<div class=\"wp-block-kadence-spacer aligncenter kt-block-spacer-_f4fc7e-08\"><div class=\"kt-block-spacer kt-block-spacer-halign-center\"><hr class=\"kt-divider\"\/><\/div><\/div>","protected":false},"excerpt":{"rendered":"<p>INFORMATIONS DE BASE SUR LA PROTECTION DES DONN\u00c9ES Responsable tagorororlosolivitos.com Finalit\u00e9 R\u00e9pondre aux demandes formul\u00e9es \u00e0 travers le web, g\u00e9rer vos achats en ligne, vous enregistrer en tant qu'utilisateur. + info L\u00e9gitimation Consentement de l'int\u00e9ress\u00e9 et ex\u00e9cution d'un pr\u00e9-contrat\/contrat + info Destinataires Aucune donn\u00e9e ne sera c\u00e9d\u00e9e \u00e0 des tiers, sauf en cas d'obligation l\u00e9gale ou dans le cas o\u00f9...<\/p>","protected":false},"author":1,"featured_media":0,"parent":0,"menu_order":97,"comment_status":"closed","ping_status":"closed","template":"","meta":{"_kad_blocks_custom_css":"","_kad_blocks_head_custom_js":"","_kad_blocks_body_custom_js":"","_kad_blocks_footer_custom_js":"","_kad_post_transparent":"","_kad_post_title":"","_kad_post_layout":"","_kad_post_sidebar_id":"","_kad_post_content_style":"","_kad_post_vertical_padding":"","_kad_post_feature":"","_kad_post_feature_position":"","_kad_post_header":false,"_kad_post_footer":false,"footnotes":""},"class_list":["post-1889","page","type-page","status-publish","hentry"],"featured_image_src_large":false,"author_info":{"display_name":"admin","author_link":"https:\/\/www.tagororlosolivitos.com\/fr\/blog\/author\/e9jcgswvneybrica\/"},"comment_info":0,"taxonomy_info":[],"_links":{"self":[{"href":"https:\/\/www.tagororlosolivitos.com\/fr\/wp-json\/wp\/v2\/pages\/1889","targetHints":{"allow":["GET"]}}],"collection":[{"href":"https:\/\/www.tagororlosolivitos.com\/fr\/wp-json\/wp\/v2\/pages"}],"about":[{"href":"https:\/\/www.tagororlosolivitos.com\/fr\/wp-json\/wp\/v2\/types\/page"}],"author":[{"embeddable":true,"href":"https:\/\/www.tagororlosolivitos.com\/fr\/wp-json\/wp\/v2\/users\/1"}],"replies":[{"embeddable":true,"href":"https:\/\/www.tagororlosolivitos.com\/fr\/wp-json\/wp\/v2\/comments?post=1889"}],"version-history":[{"count":6,"href":"https:\/\/www.tagororlosolivitos.com\/fr\/wp-json\/wp\/v2\/pages\/1889\/revisions"}],"predecessor-version":[{"id":2005,"href":"https:\/\/www.tagororlosolivitos.com\/fr\/wp-json\/wp\/v2\/pages\/1889\/revisions\/2005"}],"wp:attachment":[{"href":"https:\/\/www.tagororlosolivitos.com\/fr\/wp-json\/wp\/v2\/media?parent=1889"}],"curies":[{"name":"wp","href":"https:\/\/api.w.org\/{rel}","templated":true}]}}