{"id":889,"date":"2023-01-10T01:07:38","date_gmt":"2023-01-10T01:07:38","guid":{"rendered":"https:\/\/a1329abu.kinsta.cloud\/?page_id=889"},"modified":"2025-06-26T10:21:21","modified_gmt":"2025-06-26T10:21:21","slug":"sobre-nosotros","status":"publish","type":"page","link":"https:\/\/www.tagororlosolivitos.com\/en\/about-us\/","title":{"rendered":"About us"},"content":{"rendered":"<style>.kb-row-layout-id889_03021b-90 > .kt-row-column-wrap{align-content:end;}:where(.kb-row-layout-id889_03021b-90 > .kt-row-column-wrap) > .wp-block-kadence-column{justify-content:end;}.kb-row-layout-id889_03021b-90 > .kt-row-column-wrap{column-gap:var(--global-kb-gap-md, 2rem);row-gap:var(--global-kb-gap-md, 2rem);max-width:1000px;margin-left:auto;margin-right:auto;padding-top:var(--global-kb-spacing-sm, 1.5rem);padding-bottom:var(--global-kb-spacing-sm, 1.5rem);min-height:800px;grid-template-columns:minmax(0, 1fr);}.kb-row-layout-id889_03021b-90 > .kt-row-layout-overlay{opacity:0.37;}@media all and (max-width: 1024px){.kb-row-layout-id889_03021b-90 > .kt-row-column-wrap{grid-template-columns:minmax(0, 1fr);}}@media all and (max-width: 767px){.kb-row-layout-id889_03021b-90 > .kt-row-column-wrap{padding-left:10px;grid-template-columns:minmax(0, 1fr);}}<\/style><div class=\"kb-row-layout-wrap kb-row-layout-id889_03021b-90 alignfull wp-block-kadence-rowlayout\"><div class=\"kt-row-column-wrap kt-has-1-columns kt-row-layout-equal kt-tab-layout-inherit kt-mobile-layout-row kt-row-valign-bottom\">\n<style>.kadence-column889_acdab6-cf > .kt-inside-inner-col,.kadence-column889_acdab6-cf > .kt-inside-inner-col:before{border-top-left-radius:0px;border-top-right-radius:0px;border-bottom-right-radius:0px;border-bottom-left-radius:0px;}.kadence-column889_acdab6-cf > .kt-inside-inner-col{column-gap:var(--global-kb-gap-sm, 1rem);}.kadence-column889_acdab6-cf > .kt-inside-inner-col{flex-direction:column;}.kadence-column889_acdab6-cf > .kt-inside-inner-col > .aligncenter{width:100%;}.kadence-column889_acdab6-cf > .kt-inside-inner-col:before{opacity:0.3;}.kadence-column889_acdab6-cf{position:relative;}@media all and (max-width: 1024px){.kadence-column889_acdab6-cf > .kt-inside-inner-col{flex-direction:column;}}@media all and (max-width: 767px){.kadence-column889_acdab6-cf > .kt-inside-inner-col{flex-direction:column;}}<\/style>\n<div class=\"wp-block-kadence-column kadence-column889_acdab6-cf\"><div class=\"kt-inside-inner-col\"><style>.wp-block-kadence-advancedheading.kt-adv-heading889_1850cb-0b, .wp-block-kadence-advancedheading.kt-adv-heading889_1850cb-0b[data-kb-block=\"kb-adv-heading889_1850cb-0b\"]{text-align:center;font-style:normal;}.wp-block-kadence-advancedheading.kt-adv-heading889_1850cb-0b mark.kt-highlight, .wp-block-kadence-advancedheading.kt-adv-heading889_1850cb-0b[data-kb-block=\"kb-adv-heading889_1850cb-0b\"] mark.kt-highlight{font-style:normal;color:#f76a0c;-webkit-box-decoration-break:clone;box-decoration-break:clone;padding-top:0px;padding-right:0px;padding-bottom:0px;padding-left:0px;}<\/style>\n<h3 class=\"kt-adv-heading889_1850cb-0b wp-block-kadence-advancedheading has-theme-palette-2-color has-text-color\" data-kb-block=\"kb-adv-heading889_1850cb-0b\">The human team behind Tagororor los Olivitos<\/h3>\n\n\n\n<div class=\"wp-block-columns is-layout-flex wp-container-core-columns-is-layout-9d6595d7 wp-block-columns-is-layout-flex\">\n<div class=\"wp-block-column is-vertically-aligned-center is-layout-flow wp-block-column-is-layout-flow\"><\/div>\n\n\n\n<div class=\"wp-block-column is-layout-flow wp-block-column-is-layout-flow\"><\/div>\n<\/div>\n\n\n\n<div class=\"wp-block-columns are-vertically-aligned-center is-layout-flex wp-container-core-columns-is-layout-9d6595d7 wp-block-columns-is-layout-flex\">\n<div class=\"wp-block-column is-vertically-aligned-center is-layout-flow wp-block-column-is-layout-flow\">\n<figure class=\"wp-block-image size-medium\"><img decoding=\"async\" width=\"263\" height=\"300\" src=\"https:\/\/www.tagororlosolivitos.com\/wp-content\/uploads\/sites\/2\/2023\/08\/antonio-e1691858024100-263x300.jpeg\" alt=\"\" class=\"wp-image-2259\" srcset=\"https:\/\/www.tagororlosolivitos.com\/wp-content\/uploads\/sites\/2\/2023\/08\/antonio-e1691858024100-263x300.jpeg 263w, https:\/\/www.tagororlosolivitos.com\/wp-content\/uploads\/sites\/2\/2023\/08\/antonio-e1691858024100-11x12.jpeg 11w, https:\/\/www.tagororlosolivitos.com\/wp-content\/uploads\/sites\/2\/2023\/08\/antonio-e1691858024100.jpeg 316w\" sizes=\"(max-width: 263px) 100vw, 263px\" \/><\/figure>\n<\/div>\n\n\n\n<div class=\"wp-block-column is-vertically-aligned-center is-layout-flow wp-block-column-is-layout-flow\"><style>.wp-block-kadence-advancedheading.kt-adv-heading889_c5dcb0-f6, .wp-block-kadence-advancedheading.kt-adv-heading889_c5dcb0-f6[data-kb-block=\"kb-adv-heading889_c5dcb0-f6\"]{text-align:center;font-style:normal;}.wp-block-kadence-advancedheading.kt-adv-heading889_c5dcb0-f6 mark.kt-highlight, .wp-block-kadence-advancedheading.kt-adv-heading889_c5dcb0-f6[data-kb-block=\"kb-adv-heading889_c5dcb0-f6\"] mark.kt-highlight{font-style:normal;color:#f76a0c;-webkit-box-decoration-break:clone;box-decoration-break:clone;padding-top:0px;padding-right:0px;padding-bottom:0px;padding-left:0px;}<\/style>\n<h5 class=\"kt-adv-heading889_c5dcb0-f6 wp-block-kadence-advancedheading has-theme-palette-2-color has-text-color\" data-kb-block=\"kb-adv-heading889_c5dcb0-f6\">Antonio , maintenance service<\/h5>\n<\/div>\n<\/div>\n<\/div><\/div>\n\n\n<style>.kadence-column889_a6de29-a4 > .kt-inside-inner-col,.kadence-column889_a6de29-a4 > .kt-inside-inner-col:before{border-top-left-radius:0px;border-top-right-radius:0px;border-bottom-right-radius:0px;border-bottom-left-radius:0px;}.kadence-column889_a6de29-a4 > .kt-inside-inner-col{column-gap:var(--global-kb-gap-sm, 1rem);}.kadence-column889_a6de29-a4 > .kt-inside-inner-col{flex-direction:column;}.kadence-column889_a6de29-a4 > .kt-inside-inner-col > .aligncenter{width:100%;}.kadence-column889_a6de29-a4 > .kt-inside-inner-col:before{opacity:0.3;}.kadence-column889_a6de29-a4{position:relative;}@media all and (max-width: 1024px){.kadence-column889_a6de29-a4 > .kt-inside-inner-col{flex-direction:column;}}@media all and (max-width: 767px){.kadence-column889_a6de29-a4 > .kt-inside-inner-col{flex-direction:column;}}<\/style>\n<div class=\"wp-block-kadence-column kadence-column889_a6de29-a4 inner-column-1\"><div class=\"kt-inside-inner-col\"><style>.wp-block-kadence-advancedheading.kt-adv-heading889_df192c-95, .wp-block-kadence-advancedheading.kt-adv-heading889_df192c-95[data-kb-block=\"kb-adv-heading889_df192c-95\"]{font-style:normal;}.wp-block-kadence-advancedheading.kt-adv-heading889_df192c-95 mark.kt-highlight, .wp-block-kadence-advancedheading.kt-adv-heading889_df192c-95[data-kb-block=\"kb-adv-heading889_df192c-95\"] mark.kt-highlight{font-style:normal;color:#f76a0c;-webkit-box-decoration-break:clone;box-decoration-break:clone;padding-top:0px;padding-right:0px;padding-bottom:0px;padding-left:0px;}<\/style>\n<h5 class=\"kt-adv-heading889_df192c-95 wp-block-kadence-advancedheading has-theme-palette-2-color has-text-color\" data-kb-block=\"kb-adv-heading889_df192c-95\">Asociaci\u00f3n Deportiva TAGOROR Los OLIVITOS, we know the importance of the use of renewable energies and recycling.<br>We obtain the electrical energy 100% solar .<br>We have a water collection system with which we irrigate the gardens.<br>We have created an environmentally sustainable environment...<\/h5>\n\n\n<style>.wp-block-kadence-advancedgallery .kb-gallery-type-masonry.kb-gallery-id-889_449b8e-d3{margin:-5px;}.kb-gallery-type-masonry.kb-gallery-id-889_449b8e-d3 .kadence-blocks-gallery-item{padding:5px;}.kb-gallery-id-889_449b8e-d3 .kadence-blocks-gallery-item .kb-gal-image-radius, .kb-gallery-id-889_449b8e-d3 .kb-slide-item .kb-gal-image-radius img{border-radius:0px 0px 0px 0px;;}<\/style><div class=\"kb-gallery-wrap-id-889_449b8e-d3 alignnone wp-block-kadence-advancedgallery\"><ul class=\"kb-gallery-ul kb-gallery-non-static kb-gallery-type-masonry kb-masonry-init kb-gallery-id-889_449b8e-d3 kb-gallery-caption-style-bottom-hover kb-gallery-filter-none\" data-image-filter=\"none\" data-item-selector=\".kadence-blocks-gallery-item\" data-lightbox-caption=\"true\" data-columns-xxl=\"3\" data-columns-xl=\"3\" data-columns-md=\"3\" data-columns-sm=\"2\" data-columns-xs=\"1\" data-columns-ss=\"1\"><li class=\"kadence-blocks-gallery-item\"><div class=\"kadence-blocks-gallery-item-inner\"><figure class=\"kb-gallery-figure kadence-blocks-gallery-item-hide-caption\" \"><div class=\"kb-gal-image-radius\" style=\"max-width:553px;\"><div class=\"kb-gallery-image-contain kadence-blocks-gallery-intrinsic\" style=\"padding-bottom:133%;\"><img decoding=\"async\" src=\"https:\/\/www.tagororlosolivitos.com\/wp-content\/uploads\/sites\/2\/2023\/07\/Sin-titulo-5.jpg\" width=\"553\" height=\"738\" alt=\"accommodation in Adeje\" data-full-image=\"https:\/\/www.tagororlosolivitos.com\/wp-content\/uploads\/sites\/2\/2023\/07\/Sin-titulo-5.jpg\" data-light-image=\"https:\/\/www.tagororlosolivitos.com\/wp-content\/uploads\/sites\/2\/2023\/07\/Sin-titulo-5.jpg\" data-id=\"1837\" class=\"wp-image-1837\" srcset=\"https:\/\/www.tagororlosolivitos.com\/wp-content\/uploads\/sites\/2\/2023\/07\/Sin-titulo-5.jpg 553w, https:\/\/www.tagororlosolivitos.com\/wp-content\/uploads\/sites\/2\/2023\/07\/Sin-titulo-5-225x300.jpg 225w, https:\/\/www.tagororlosolivitos.com\/wp-content\/uploads\/sites\/2\/2023\/07\/Sin-titulo-5-9x12.jpg 9w\" sizes=\"(max-width: 553px) 100vw, 553px\" \/><\/div><\/div><\/figure><\/div><\/li><li class=\"kadence-blocks-gallery-item\"><div class=\"kadence-blocks-gallery-item-inner\"><figure class=\"kb-gallery-figure kadence-blocks-gallery-item-hide-caption\" \"><div class=\"kb-gal-image-radius\" style=\"max-width:332px;\"><div class=\"kb-gallery-image-contain kadence-blocks-gallery-intrinsic\" style=\"padding-bottom:222%;\"><img decoding=\"async\" src=\"https:\/\/www.tagororlosolivitos.com\/wp-content\/uploads\/sites\/2\/2023\/07\/WhatsApp-Image-2023-07-13-at-18.57.21.jpeg\" width=\"332\" height=\"738\" alt=\"outdoor barbecue\" data-full-image=\"https:\/\/www.tagororlosolivitos.com\/wp-content\/uploads\/sites\/2\/2023\/07\/WhatsApp-Image-2023-07-13-at-18.57.21.jpeg\" data-light-image=\"https:\/\/www.tagororlosolivitos.com\/wp-content\/uploads\/sites\/2\/2023\/07\/WhatsApp-Image-2023-07-13-at-18.57.21.jpeg\" data-id=\"2058\" class=\"wp-image-2058\" srcset=\"https:\/\/www.tagororlosolivitos.com\/wp-content\/uploads\/sites\/2\/2023\/07\/WhatsApp-Image-2023-07-13-at-18.57.21.jpeg 332w, https:\/\/www.tagororlosolivitos.com\/wp-content\/uploads\/sites\/2\/2023\/07\/WhatsApp-Image-2023-07-13-at-18.57.21-135x300.jpeg 135w, https:\/\/www.tagororlosolivitos.com\/wp-content\/uploads\/sites\/2\/2023\/07\/WhatsApp-Image-2023-07-13-at-18.57.21-5x12.jpeg 5w\" sizes=\"(max-width: 332px) 100vw, 332px\" \/><\/div><\/div><\/figure><\/div><\/li><li class=\"kadence-blocks-gallery-item\"><div class=\"kadence-blocks-gallery-item-inner\"><figure class=\"kb-gallery-figure kadence-blocks-gallery-item-hide-caption\" \"><div class=\"kb-gal-image-radius\" style=\"max-width:332px;\"><div class=\"kb-gallery-image-contain kadence-blocks-gallery-intrinsic\" style=\"padding-bottom:222%;\"><img decoding=\"async\" src=\"https:\/\/www.tagororlosolivitos.com\/wp-content\/uploads\/sites\/2\/2023\/07\/WhatsApp-Image-2023-07-13-at-18.57.21-1.jpeg\" width=\"332\" height=\"738\" alt=\"interior house kitchen\" data-full-image=\"https:\/\/www.tagororlosolivitos.com\/wp-content\/uploads\/sites\/2\/2023\/07\/WhatsApp-Image-2023-07-13-at-18.57.21-1.jpeg\" data-light-image=\"https:\/\/www.tagororlosolivitos.com\/wp-content\/uploads\/sites\/2\/2023\/07\/WhatsApp-Image-2023-07-13-at-18.57.21-1.jpeg\" data-id=\"2059\" class=\"wp-image-2059\" srcset=\"https:\/\/www.tagororlosolivitos.com\/wp-content\/uploads\/sites\/2\/2023\/07\/WhatsApp-Image-2023-07-13-at-18.57.21-1.jpeg 332w, https:\/\/www.tagororlosolivitos.com\/wp-content\/uploads\/sites\/2\/2023\/07\/WhatsApp-Image-2023-07-13-at-18.57.21-1-135x300.jpeg 135w, https:\/\/www.tagororlosolivitos.com\/wp-content\/uploads\/sites\/2\/2023\/07\/WhatsApp-Image-2023-07-13-at-18.57.21-1-5x12.jpeg 5w\" sizes=\"(max-width: 332px) 100vw, 332px\" \/><\/div><\/div><\/figure><\/div><\/li><li class=\"kadence-blocks-gallery-item\"><div class=\"kadence-blocks-gallery-item-inner\"><figure class=\"kb-gallery-figure kadence-blocks-gallery-item-hide-caption\" \"><div class=\"kb-gal-image-radius\" style=\"max-width:553px;\"><div class=\"kb-gallery-image-contain kadence-blocks-gallery-intrinsic\" style=\"padding-bottom:133%;\"><img decoding=\"async\" src=\"https:\/\/www.tagororlosolivitos.com\/wp-content\/uploads\/sites\/2\/2023\/07\/Sin-titulo-11.jpg\" width=\"553\" height=\"738\" alt=\"outdoor barbecue 3\" data-full-image=\"https:\/\/www.tagororlosolivitos.com\/wp-content\/uploads\/sites\/2\/2023\/07\/Sin-titulo-11.jpg\" data-light-image=\"https:\/\/www.tagororlosolivitos.com\/wp-content\/uploads\/sites\/2\/2023\/07\/Sin-titulo-11.jpg\" data-id=\"1843\" class=\"wp-image-1843\" srcset=\"https:\/\/www.tagororlosolivitos.com\/wp-content\/uploads\/sites\/2\/2023\/07\/Sin-titulo-11.jpg 553w, https:\/\/www.tagororlosolivitos.com\/wp-content\/uploads\/sites\/2\/2023\/07\/Sin-titulo-11-225x300.jpg 225w, https:\/\/www.tagororlosolivitos.com\/wp-content\/uploads\/sites\/2\/2023\/07\/Sin-titulo-11-9x12.jpg 9w\" sizes=\"(max-width: 553px) 100vw, 553px\" \/><\/div><\/div><\/figure><\/div><\/li><li class=\"kadence-blocks-gallery-item\"><div class=\"kadence-blocks-gallery-item-inner\"><figure class=\"kb-gallery-figure kadence-blocks-gallery-item-hide-caption\" \"><div class=\"kb-gal-image-radius\" style=\"max-width:332px;\"><div class=\"kb-gallery-image-contain kadence-blocks-gallery-intrinsic\" style=\"padding-bottom:222%;\"><img decoding=\"async\" src=\"https:\/\/www.tagororlosolivitos.com\/wp-content\/uploads\/sites\/2\/2023\/07\/WhatsApp-Image-2023-07-13-at-18.57.22-1.jpeg\" width=\"332\" height=\"738\" alt=\"interior house fridge accommodation in Adeje\" data-full-image=\"https:\/\/www.tagororlosolivitos.com\/wp-content\/uploads\/sites\/2\/2023\/07\/WhatsApp-Image-2023-07-13-at-18.57.22-1.jpeg\" data-light-image=\"https:\/\/www.tagororlosolivitos.com\/wp-content\/uploads\/sites\/2\/2023\/07\/WhatsApp-Image-2023-07-13-at-18.57.22-1.jpeg\" data-id=\"2061\" class=\"wp-image-2061\" srcset=\"https:\/\/www.tagororlosolivitos.com\/wp-content\/uploads\/sites\/2\/2023\/07\/WhatsApp-Image-2023-07-13-at-18.57.22-1.jpeg 332w, https:\/\/www.tagororlosolivitos.com\/wp-content\/uploads\/sites\/2\/2023\/07\/WhatsApp-Image-2023-07-13-at-18.57.22-1-135x300.jpeg 135w, https:\/\/www.tagororlosolivitos.com\/wp-content\/uploads\/sites\/2\/2023\/07\/WhatsApp-Image-2023-07-13-at-18.57.22-1-5x12.jpeg 5w\" sizes=\"(max-width: 332px) 100vw, 332px\" \/><\/div><\/div><\/figure><\/div><\/li><li class=\"kadence-blocks-gallery-item\"><div class=\"kadence-blocks-gallery-item-inner\"><figure class=\"kb-gallery-figure kadence-blocks-gallery-item-hide-caption\" \"><div class=\"kb-gal-image-radius\" style=\"max-width:553px;\"><div class=\"kb-gallery-image-contain kadence-blocks-gallery-intrinsic\" style=\"padding-bottom:133%;\"><img decoding=\"async\" src=\"https:\/\/www.tagororlosolivitos.com\/wp-content\/uploads\/sites\/2\/2023\/07\/Sin-titulo-1.jpg\" width=\"553\" height=\"738\" alt=\"outdoor day 2\" data-full-image=\"https:\/\/www.tagororlosolivitos.com\/wp-content\/uploads\/sites\/2\/2023\/07\/Sin-titulo-1.jpg\" data-light-image=\"https:\/\/www.tagororlosolivitos.com\/wp-content\/uploads\/sites\/2\/2023\/07\/Sin-titulo-1.jpg\" data-id=\"1833\" class=\"wp-image-1833\" srcset=\"https:\/\/www.tagororlosolivitos.com\/wp-content\/uploads\/sites\/2\/2023\/07\/Sin-titulo-1.jpg 553w, https:\/\/www.tagororlosolivitos.com\/wp-content\/uploads\/sites\/2\/2023\/07\/Sin-titulo-1-225x300.jpg 225w, https:\/\/www.tagororlosolivitos.com\/wp-content\/uploads\/sites\/2\/2023\/07\/Sin-titulo-1-9x12.jpg 9w\" sizes=\"(max-width: 553px) 100vw, 553px\" \/><\/div><\/div><\/figure><\/div><\/li><li class=\"kadence-blocks-gallery-item\"><div class=\"kadence-blocks-gallery-item-inner\"><figure class=\"kb-gallery-figure kadence-blocks-gallery-item-hide-caption\" \"><div class=\"kb-gal-image-radius\" style=\"max-width:332px;\"><div class=\"kb-gallery-image-contain kadence-blocks-gallery-intrinsic\" style=\"padding-bottom:222%;\"><img decoding=\"async\" src=\"https:\/\/www.tagororlosolivitos.com\/wp-content\/uploads\/sites\/2\/2023\/07\/WhatsApp-Image-2023-07-13-at-18.57.22.jpeg\" width=\"332\" height=\"738\" alt=\"interior of the house TV\" data-full-image=\"https:\/\/www.tagororlosolivitos.com\/wp-content\/uploads\/sites\/2\/2023\/07\/WhatsApp-Image-2023-07-13-at-18.57.22.jpeg\" data-light-image=\"https:\/\/www.tagororlosolivitos.com\/wp-content\/uploads\/sites\/2\/2023\/07\/WhatsApp-Image-2023-07-13-at-18.57.22.jpeg\" data-id=\"2060\" class=\"wp-image-2060\" srcset=\"https:\/\/www.tagororlosolivitos.com\/wp-content\/uploads\/sites\/2\/2023\/07\/WhatsApp-Image-2023-07-13-at-18.57.22.jpeg 332w, https:\/\/www.tagororlosolivitos.com\/wp-content\/uploads\/sites\/2\/2023\/07\/WhatsApp-Image-2023-07-13-at-18.57.22-135x300.jpeg 135w, https:\/\/www.tagororlosolivitos.com\/wp-content\/uploads\/sites\/2\/2023\/07\/WhatsApp-Image-2023-07-13-at-18.57.22-5x12.jpeg 5w\" sizes=\"(max-width: 332px) 100vw, 332px\" \/><\/div><\/div><\/figure><\/div><\/li><li class=\"kadence-blocks-gallery-item\"><div class=\"kadence-blocks-gallery-item-inner\"><figure class=\"kb-gallery-figure kadence-blocks-gallery-item-hide-caption\" \"><div class=\"kb-gal-image-radius\" style=\"max-width:553px;\"><div class=\"kb-gallery-image-contain kadence-blocks-gallery-intrinsic\" style=\"padding-bottom:133%;\"><img decoding=\"async\" src=\"https:\/\/www.tagororlosolivitos.com\/wp-content\/uploads\/sites\/2\/2023\/07\/Sin-titulo-7.jpg\" width=\"553\" height=\"738\" alt=\"interior single bed\" data-full-image=\"https:\/\/www.tagororlosolivitos.com\/wp-content\/uploads\/sites\/2\/2023\/07\/Sin-titulo-7.jpg\" data-light-image=\"https:\/\/www.tagororlosolivitos.com\/wp-content\/uploads\/sites\/2\/2023\/07\/Sin-titulo-7.jpg\" data-id=\"1839\" class=\"wp-image-1839\" srcset=\"https:\/\/www.tagororlosolivitos.com\/wp-content\/uploads\/sites\/2\/2023\/07\/Sin-titulo-7.jpg 553w, https:\/\/www.tagororlosolivitos.com\/wp-content\/uploads\/sites\/2\/2023\/07\/Sin-titulo-7-225x300.jpg 225w, https:\/\/www.tagororlosolivitos.com\/wp-content\/uploads\/sites\/2\/2023\/07\/Sin-titulo-7-9x12.jpg 9w\" sizes=\"(max-width: 553px) 100vw, 553px\" \/><\/div><\/div><\/figure><\/div><\/li><li class=\"kadence-blocks-gallery-item\"><div class=\"kadence-blocks-gallery-item-inner\"><figure class=\"kb-gallery-figure kadence-blocks-gallery-item-hide-caption\" \"><div class=\"kb-gal-image-radius\" style=\"max-width:1024px;\"><div class=\"kb-gallery-image-contain kadence-blocks-gallery-intrinsic\" style=\"padding-bottom:44%;\"><img decoding=\"async\" src=\"https:\/\/www.tagororlosolivitos.com\/wp-content\/uploads\/sites\/2\/2023\/07\/WhatsApp-Image-2023-07-17-at-17.03.52-1024x460.jpeg\" width=\"1024\" height=\"460\" alt=\"inside red bed\" data-full-image=\"https:\/\/www.tagororlosolivitos.com\/wp-content\/uploads\/sites\/2\/2023\/07\/WhatsApp-Image-2023-07-17-at-17.03.52.jpeg\" data-light-image=\"https:\/\/www.tagororlosolivitos.com\/wp-content\/uploads\/sites\/2\/2023\/07\/WhatsApp-Image-2023-07-17-at-17.03.52.jpeg\" data-id=\"2057\" class=\"wp-image-2057\" srcset=\"https:\/\/www.tagororlosolivitos.com\/wp-content\/uploads\/sites\/2\/2023\/07\/WhatsApp-Image-2023-07-17-at-17.03.52-1024x460.jpeg 1024w, https:\/\/www.tagororlosolivitos.com\/wp-content\/uploads\/sites\/2\/2023\/07\/WhatsApp-Image-2023-07-17-at-17.03.52-300x135.jpeg 300w, https:\/\/www.tagororlosolivitos.com\/wp-content\/uploads\/sites\/2\/2023\/07\/WhatsApp-Image-2023-07-17-at-17.03.52-768x345.jpeg 768w, https:\/\/www.tagororlosolivitos.com\/wp-content\/uploads\/sites\/2\/2023\/07\/WhatsApp-Image-2023-07-17-at-17.03.52-18x8.jpeg 18w, https:\/\/www.tagororlosolivitos.com\/wp-content\/uploads\/sites\/2\/2023\/07\/WhatsApp-Image-2023-07-17-at-17.03.52.jpeg 1312w\" sizes=\"(max-width: 1024px) 100vw, 1024px\" \/><\/div><\/div><\/figure><\/div><\/li><\/ul><\/div><\/div><\/div>\n\n\n<style>.kadence-column889_c3a8e7-2d > .kt-inside-inner-col,.kadence-column889_c3a8e7-2d > .kt-inside-inner-col:before{border-top-left-radius:0px;border-top-right-radius:0px;border-bottom-right-radius:0px;border-bottom-left-radius:0px;}.kadence-column889_c3a8e7-2d > .kt-inside-inner-col{column-gap:var(--global-kb-gap-sm, 1rem);}.kadence-column889_c3a8e7-2d > .kt-inside-inner-col{flex-direction:column;}.kadence-column889_c3a8e7-2d > .kt-inside-inner-col > .aligncenter{width:100%;}.kadence-column889_c3a8e7-2d > .kt-inside-inner-col:before{opacity:0.3;}.kadence-column889_c3a8e7-2d{position:relative;}@media all and (max-width: 1024px){.kadence-column889_c3a8e7-2d > .kt-inside-inner-col{flex-direction:column;}}@media all and (max-width: 767px){.kadence-column889_c3a8e7-2d > .kt-inside-inner-col{flex-direction:column;}}<\/style>\n<div class=\"wp-block-kadence-column kadence-column889_c3a8e7-2d inner-column-1\"><div class=\"kt-inside-inner-col\"><\/div><\/div>\n\n<\/div><\/div>","protected":false},"excerpt":{"rendered":"<p>El equipo Humano detr\u00e1s de Tagoror los Olivitos Antonio , servicio de mantenimiento Asociaci\u00f3n Deportiva TAGOROR Los OLIVITOS, sabemos de la importancia del uso de las energ\u00edas renovables y del reciclaje.Obtenemos la energ\u00eda el\u00e9ctrica 100% solar .Tenemos un sistema de recogida de aguas con la cual regamos los jardines.Hemos creado un entorno sostenible con el&#8230;<\/p>","protected":false},"author":1,"featured_media":0,"parent":0,"menu_order":3,"comment_status":"closed","ping_status":"closed","template":"","meta":{"_kad_blocks_custom_css":"","_kad_blocks_head_custom_js":"","_kad_blocks_body_custom_js":"","_kad_blocks_footer_custom_js":"","_kad_post_transparent":"","_kad_post_title":"","_kad_post_layout":"","_kad_post_sidebar_id":"","_kad_post_content_style":"unboxed","_kad_post_vertical_padding":"hide","_kad_post_feature":"","_kad_post_feature_position":"","_kad_post_header":false,"_kad_post_footer":false,"footnotes":""},"class_list":["post-889","page","type-page","status-publish","hentry"],"featured_image_src_large":false,"author_info":{"display_name":"admin","author_link":"https:\/\/www.tagororlosolivitos.com\/en\/blog\/author\/e9jcgswvneybrica\/"},"comment_info":0,"taxonomy_info":[],"_links":{"self":[{"href":"https:\/\/www.tagororlosolivitos.com\/en\/wp-json\/wp\/v2\/pages\/889","targetHints":{"allow":["GET"]}}],"collection":[{"href":"https:\/\/www.tagororlosolivitos.com\/en\/wp-json\/wp\/v2\/pages"}],"about":[{"href":"https:\/\/www.tagororlosolivitos.com\/en\/wp-json\/wp\/v2\/types\/page"}],"author":[{"embeddable":true,"href":"https:\/\/www.tagororlosolivitos.com\/en\/wp-json\/wp\/v2\/users\/1"}],"replies":[{"embeddable":true,"href":"https:\/\/www.tagororlosolivitos.com\/en\/wp-json\/wp\/v2\/comments?post=889"}],"version-history":[{"count":14,"href":"https:\/\/www.tagororlosolivitos.com\/en\/wp-json\/wp\/v2\/pages\/889\/revisions"}],"predecessor-version":[{"id":2594,"href":"https:\/\/www.tagororlosolivitos.com\/en\/wp-json\/wp\/v2\/pages\/889\/revisions\/2594"}],"wp:attachment":[{"href":"https:\/\/www.tagororlosolivitos.com\/en\/wp-json\/wp\/v2\/media?parent=889"}],"curies":[{"name":"wp","href":"https:\/\/api.w.org\/{rel}","templated":true}]}}