{"id":3,"date":"2022-11-28T16:49:24","date_gmt":"2022-11-28T16:49:24","guid":{"rendered":"http:\/\/a1329abu.kinsta.cloud\/?page_id=3"},"modified":"2023-08-12T16:39:46","modified_gmt":"2023-08-12T16:39:46","slug":"politica-de-cookies","status":"publish","type":"page","link":"https:\/\/www.tagororlosolivitos.com\/de\/cookie-richtlinie\/","title":{"rendered":"Cookie-Richtlinie"},"content":{"rendered":"<h6 class=\"wp-block-heading\"><strong>1. was sind Cookies?<\/strong><\/h6>\n\n\n\n<p>Ein Cookie ist eine Textdatei, die ein Webserver auf der Festplatte Ihres Computers speichern kann, um bestimmte Informationen \u00fcber Sie als Benutzer zu speichern. Cookies werden f\u00fcr eine Vielzahl von Zwecken verwendet, z. B. zum Speichern von Daten f\u00fcr k\u00fcnftige Besuche, zum Wiedererkennen des Benutzers und um zu verhindern, dass er erneut zum Einloggen aufgefordert wird, zum Wissen, welche Seiten Sie besuchen, oder zum Speichern Ihrer Pr\u00e4ferenzen in anpassbaren Bereichen...). Normalerweise verwenden Websites Cookies, um statistische Informationen \u00fcber ihre Webseiten zu erhalten und das Verhalten ihrer Kunden\/Nutzer zu analysieren.<\/p>\n\n\n\n<p><strong>2.<\/strong>&nbsp;<strong>Arten von Cookies<\/strong><\/p>\n\n\n\n<p>Cookies k\u00f6nnen nach den folgenden Kriterien klassifiziert werden:<\/p>\n\n\n\n<p>Nach Angaben von&nbsp;<strong>das installiert<\/strong>&nbsp;die Kekse, die sie sein k\u00f6nnen:<\/p>\n\n\n\n<p><strong>Eigene Kekse:<\/strong>&nbsp;Diese werden von einem Computer oder einer Dom\u00e4ne, die vom Herausgeber selbst verwaltet wird und von der aus der vom Benutzer angeforderte Dienst erbracht wird, an das Endger\u00e4t des Benutzers gesendet.<\/p>\n\n\n\n<p><strong>Cookies von Dritten:<\/strong>&nbsp;Cookies sind solche, die entweder von einem von uns oder von einem Dritten verwalteten Computer oder einer Dom\u00e4ne an das Endger\u00e4t des Nutzers gesendet werden, wobei die von den Cookies gesammelten Informationen von einem Dritten verwaltet werden, der nicht der Eigent\u00fcmer der Website ist.<\/p>\n\n\n\n<p>Gem\u00e4\u00df seiner&nbsp;<strong>Zeitlimit<\/strong>&nbsp;Cookies k\u00f6nnen zum Speichern von Cookies verwendet werden:<\/p>\n\n\n\n<p><strong>Sitzungs-Cookies<\/strong>Diese bleiben so lange bestehen, wie der Nutzer auf der Website surft, und werden nach Beendigung des Surfens gel\u00f6scht.<\/p>\n\n\n\n<p><strong>Dauerhafte Cookies:<\/strong>&nbsp;Sie werden \u00fcber einen l\u00e4ngeren Zeitraum auf dem Endger\u00e4t des Nutzers gespeichert, was die Kontrolle der gew\u00e4hlten Einstellungen erleichtert, ohne dass bestimmte Parameter bei jedem Besuch der Website erneut eingegeben werden m\u00fcssen.<\/p>\n\n\n\n<p>Gem\u00e4\u00df seiner&nbsp;<strong>Zweck<\/strong>&nbsp;Kekse sein k\u00f6nnen:<\/p>\n\n\n\n<p><strong>Technische Cookies:<\/strong>&nbsp;Technische Cookies sind solche, die f\u00fcr das ordnungsgem\u00e4\u00dfe Funktionieren einer Website und die Nutzung der verschiedenen Optionen und Dienste, die sie bietet, unerl\u00e4sslich und unbedingt notwendig sind. Zum Beispiel Cookies f\u00fcr die Aufrechterhaltung von Sitzungen, Cookies, die die Verwendung von Sicherheitselementen erm\u00f6glichen, das Teilen von Inhalten mit sozialen Netzwerken, usw.<\/p>\n\n\n\n<p><strong>Personalisierungs-Cookies:<\/strong>&nbsp;Sie erm\u00f6glichen dem Nutzer die Auswahl oder Anpassung von Website-Funktionen wie Sprache, regionale Einstellungen oder Browsertyp.<\/p>\n\n\n\n<p><strong>Analytische Cookies:<\/strong>&nbsp;Webportale verwenden sie, um Browsing-Profile zu erstellen und die Vorlieben der Nutzer zu ermitteln, um das Angebot an Produkten und Dienstleistungen zu verbessern. Sie erm\u00f6glichen es, die geografischen Gebiete zu \u00fcberwachen, die f\u00fcr einen Nutzer am interessantesten sind, die beliebtesten Informationen auf der Website usw.<\/p>\n\n\n\n<p><strong>Werbe-Cookies:<\/strong>&nbsp;Sie erm\u00f6glichen es Ihnen, Werbefl\u00e4chen nach bestimmten Kriterien zu verwalten. Zum Beispiel: H\u00e4ufigkeit des Zugriffs, bearbeiteter Inhalt, usw. Werbe-Cookies erm\u00f6glichen es dem Werbemanagement, durch die Beobachtung von Gewohnheiten, die Untersuchung von Zugriffen und die Erstellung eines Profils von Nutzerpr\u00e4ferenzen Verhaltensinformationen zu speichern, um ihnen Werbung anzubieten, die auf die Interessen ihres Profils abgestimmt ist.<\/p>\n\n\n\n<p><strong>3. Auf unserer Website verwendete Cookies<\/strong><\/p>\n\n\n\n<p>tagororlosolivitos.com verwendet die folgenden Arten von Cookies auf der Website:<\/p>\n\n\n\n<p><strong>Technische Cookies<\/strong><\/p>\n\n\n\n<p>Sie erm\u00f6glichen es dem Nutzer, auf der Website zu surfen und Funktionen wie den Einkaufswagen zu nutzen.<\/p>\n\n\n\n<p><strong>Personalisierungs-Cookies<\/strong><\/p>\n\n\n\n<p>Sie erm\u00f6glichen es uns, die Vorlieben des Nutzers zu kennen: Sprache, besuchte Produkte...<\/p>\n\n\n\n<p><strong>Analytische Cookies<\/strong><\/p>\n\n\n\n<p>Wir verwenden Google Analytics- und Smartlook-Cookies, um die Anzahl der Nutzer, die die Website besuchen, zu ermitteln. Diese Cookies erm\u00f6glichen es uns, zu messen und zu analysieren, wie die Nutzer die Website besuchen. Diese Informationen erm\u00f6glichen es tagororlosolivitos.com, seine Dienstleistungen und die Erfahrung der Nutzer der Website kontinuierlich zu verbessern. Weitere Informationen finden Sie auf der Datenschutzseite von Google Analytics:&nbsp;<a href=\"https:\/\/developers.google.com\/analytics\/devguides\/collection\/analyticsjs\/cookie-usage\" target=\"_blank\" rel=\"noreferrer noopener\">https:\/\/developers.google.com\/analytics\/devguides\/collection\/analyticsjs\/cookie-usage<\/a>.<\/p>\n\n\n\n<p><strong>Cookies f\u00fcr Werbung und verhaltensbezogene Werbung<\/strong><\/p>\n\n\n\n<p>Diese Cookies werden verwendet, um den Nutzern relevante Werbung auf der Grundlage ihrer Nutzung unserer Website anzuzeigen. Sie begrenzen auch die Anzahl der Male, die jeder Benutzer eine Anzeige sieht und helfen tagororlosolivitos.com die Wirksamkeit seiner Werbekampagnen zu messen. Durch das Surfen im Web, akzeptiert der Benutzer, dass wir diese Art von Cookies auf Ihrem Ger\u00e4t zu installieren und machen Anfragen, wenn der Benutzer die Web tagororlosolivitos.com in der Zukunft besucht.&nbsp;<\/p>\n\n\n\n<p><strong>In unserer Web-Domain installierte Cookies:<\/strong><\/p>\n\n\n\n<p>Diese Website enth\u00e4lt, wie die meisten Websites, Funktionen, die von Dritten bereitgestellt werden.<\/p>\n\n\n\n<p>Unsere Website ist eine Live-Site und kann neue Designs oder Dienstleistungen von Dritten enthalten. Dies kann gelegentlich die Cookie-Einstellungen \u00e4ndern und dazu f\u00fchren, dass Cookies gesetzt werden, die nicht in dieser Richtlinie aufgef\u00fchrt sind.<\/p>\n\n\n\n<p><strong>Die auf unserer Website verwendeten Cookies von Drittanbietern sind folgende:<\/strong><\/p>\n\n\n\n<figure class=\"wp-block-table\"><table><thead><tr><td>Unterst\u00fctzung<\/td><td>Name<\/td><td>Wann wird sie installiert?<\/td><td>Beschreibung<\/td><td>Dauer<\/td><td>F\u00fcr weitere Informationen wenden Sie sich bitte an<\/td><\/tr><\/thead><tbody><tr><td>Turitop-Anwendung<\/td><td>PHPSESSID<\/td><td>Beim Zugriff auf den Bereich Ticketkauf<\/td><td>Dieses Cookie wird von der Programmiersprache PHP verwendet, um die Speicherung von SESSION-Variablen auf dem Webserver zu erm\u00f6glichen. Dieses Cookie ist f\u00fcr das Funktionieren der Website unerl\u00e4sslich.<\/td><td>In Sitzung<\/td><td><a href=\"https:\/\/www.turitop.com\/es\/\" target=\"_blank\" rel=\"noreferrer noopener\">Klicken Sie hier<\/a><\/td><\/tr><tr><td>Turitop-Anwendung<\/td><td>iframe-M1<\/td><td>Beim Zugriff auf den Bereich Ticketkauf<\/td><td>&nbsp;<\/td><td>1 Tag<\/td><td><a href=\"https:\/\/www.turitop.com\/es\/\" target=\"_blank\" rel=\"noreferrer noopener\">Klicken Sie hier<\/a><\/td><\/tr><\/tbody><\/table><\/figure>\n\n\n\n<p>Unsere Website hat keine Kontrolle \u00fcber die&nbsp;<em>Kekse<\/em>&nbsp;die von diesen Dritten verwendet werden. F\u00fcr weitere Informationen \u00fcber&nbsp;<em>Kekse<\/em>&nbsp;Social Media oder anderen Websites Dritter, raten wir Ihnen, deren eigene Datenschutzrichtlinien zu lesen.&nbsp;<em>Kekse.<\/em><\/p>\n\n\n\n<p><strong>4. Information und Einholung der Zustimmung zum Einbau<\/strong><\/p>\n\n\n\n<p>tagororlosolivitos.com wird stets versuchen, geeignete Mechanismen einzurichten, um die Zustimmung des Benutzers zur Installation von Cookies zu erhalten, die diese erfordern. Wenn ein Benutzer auf unsere Website zugreift, erscheint ein Pop-up-Fenster, das Sie \u00fcber das Vorhandensein von Cookies informiert und dass Sie, wenn Sie auf unserer Website weitersurfen, Ihre Zustimmung zur Installation derselben geben.<\/p>\n\n\n\n<p><strong>5. wie kann ich die Installation von Cookies verhindern?<\/strong><\/p>\n\n\n\n<p>Der Nutzer kann seinen Browser so konfigurieren, dass er die erhaltenen Cookies akzeptiert oder nicht, oder dass er gewarnt wird, wenn ein Server ein Cookie speichern will. Wenn einige technische Cookies deaktiviert werden, ist das korrekte Funktionieren einiger Dienstprogramme der Website nicht gew\u00e4hrleistet.<\/p>\n\n\n\n<p>Der Nutzer kann die Speicherung von Cookies auf seinem Endger\u00e4t ausschlie\u00dfen\".<em>Analytik und Werbung\".<\/em>&nbsp;von Google Analytics unter Verwendung der&nbsp;<a href=\"https:\/\/tools.google.com\/dlpage\/gaoptout\" target=\"_blank\" rel=\"noreferrer noopener\">von Google Analytics bereitgestellte Opt-out-Systeme.<\/a><\/p>\n\n\n\n<p>Nachfolgend finden Sie auch einige Beispiele, wie Sie Cookies deaktivieren k\u00f6nnen:<\/p>\n\n\n\n<p>a) Durch die Konfiguration des Browsers selbst:<\/p>\n\n\n\n<ul class=\"wp-block-list\">\n<li>Internet Explorer:&nbsp;<a href=\"http:\/\/windows.microsoft.com\/es-es\/windows-vista\/block-or-allow-cookies\" target=\"_blank\" rel=\"noreferrer noopener\">http:\/\/windows.microsoft.com\/es-es\/windows-vista\/block-or-allow-cookies<\/a><\/li>\n\n\n\n<li>Firefox:&nbsp;<a href=\"https:\/\/support.mozilla.org\/es\/kb\/habilitar-y-deshabilitar-cookies-que-los-sitios-web\" target=\"_blank\" rel=\"noreferrer noopener\">https:\/\/support.mozilla.org\/es\/kb\/habilitar-y-deshabilitar-cookies-que-los-sitios-web<\/a><\/li>\n\n\n\n<li>Safari: &nbsp;<a href=\"http:\/\/support.apple.com\/kb\/HT1677?viewlocale=es_ES\" target=\"_blank\" rel=\"noreferrer noopener\">http:\/\/support.apple.com\/kb\/HT1677?viewlocale=es_ES<\/a>.<\/li>\n\n\n\n<li>Chrom:&nbsp;<a href=\"https:\/\/support.google.com\/accounts\/answer\/61416?hl=es\" target=\"_blank\" rel=\"noreferrer noopener\">https:\/\/support.google.com\/accounts\/answer\/61416?hl=es<\/a>.<\/li>\n\n\n\n<li>Oper:&nbsp;<a href=\"http:\/\/help.opera.com\/Windows\/11.50\/es-ES\/cookies.html\" target=\"_blank\" rel=\"noreferrer noopener\">http:\/\/help.opera.com\/Windows\/11.50\/es-ES\/cookies.html<\/a><\/li>\n<\/ul>\n\n\n\n<p>Weitere Informationen finden Sie auf der Seite der spanischen Datenschutzbeh\u00f6rde \u00fcber die Konfiguration der Datenschutzeinstellungen in sozialen Netzwerken, Browsern und mobilen Betriebssystemen.&nbsp;<a href=\"http:\/\/www.agpd.es\/portalwebAGPD\/CanalDelCiudadano\/protegetuprivacidad\/index-ides-idphp.php\" target=\"_blank\" rel=\"noreferrer noopener\">Weitere Informationen.<\/a><\/p>\n\n\n\n<p>b) \u00dcber Tools von Drittanbietern:<\/p>\n\n\n\n<p>Es gibt Online-Tools von Drittanbietern, die es den Nutzern erm\u00f6glichen, Cookies auf jeder von ihnen besuchten Website aufzusp\u00fcren und beispielsweise ihre Deaktivierung zu verwalten:<\/p>\n\n\n\n<p><a href=\"http:\/\/www.ghostery.com\/\" target=\"_blank\" rel=\"noreferrer noopener\">http:\/\/www.ghostery.com<\/a><br><a href=\"http:\/\/www.youronlinechoices.com\/es\/\" target=\"_blank\" rel=\"noreferrer noopener\">http:\/\/www.youronlinechoices.com\/es\/<\/a><\/p>\n\n\n\n<p>&nbsp;<strong>6. Links zu anderen Websites<\/strong><\/p>\n\n\n\n<p>Wenn Sie unsere Website \u00fcber Links zu Websites verlassen, die nicht zu unserem Unternehmen geh\u00f6ren, sind wir nicht verantwortlich f\u00fcr die Datenschutzrichtlinien dieser Websites oder f\u00fcr die Cookies, die sie auf Ihrem Computer speichern.<\/p>\n\n\n\n<p><strong>7 Wie sammeln und verwenden wir IP-Adressen?<\/strong><\/p>\n\n\n\n<p>Webserver werden in der Lage sein, die von den Nutzern verwendete IP-Adresse und den Dom\u00e4nennamen automatisch zu erkennen.<\/p>\n\n\n\n<p>Eine IP-Adresse ist eine Nummer, die einem Computer automatisch zugewiesen wird, wenn er sich mit dem Internet verbindet. Diese Information erm\u00f6glicht die sp\u00e4tere Verarbeitung der Daten, um zu wissen, ob Sie der Installation von Cookies zugestimmt haben, und um statistische Messungen durchzuf\u00fchren, die es uns erm\u00f6glichen, die Anzahl der Besuche auf der Website, die Reihenfolge der Besuche, den Zugangspunkt usw. zu ermitteln.<\/p>\n\n\n\n<p><strong>8. Aktualisierung unserer Cookie-Richtlinie<\/strong><\/p>\n\n\n\n<p>Diese Politik wird regelm\u00e4\u00dfig \u00fcberpr\u00fcft, um sicherzustellen, dass sie aktuell ist und kann sich von Zeit zu Zeit \u00e4ndern. Wir empfehlen Ihnen, die Website regelm\u00e4\u00dfig zu besuchen, und wir werden Sie \u00fcber alle Aktualisierungen dieser Richtlinie informieren.<\/p>","protected":false},"excerpt":{"rendered":"<p>1. was sind Cookies? Ein Cookie ist eine Textdatei, die ein Webserver auf der Festplatte Ihres Computers speichern kann, um bestimmte Informationen \u00fcber Sie als Nutzer zu speichern. Cookies werden f\u00fcr verschiedene Zwecke verwendet, z. B. zum Speichern von Daten f\u00fcr k\u00fcnftige Besuche, zur Wiedererkennung des Benutzers und um zu verhindern, dass der Benutzer aufgefordert wird, sich anzumelden...<\/p>","protected":false},"author":1,"featured_media":0,"parent":0,"menu_order":96,"comment_status":"closed","ping_status":"closed","template":"","meta":{"_kad_blocks_custom_css":"","_kad_blocks_head_custom_js":"","_kad_blocks_body_custom_js":"","_kad_blocks_footer_custom_js":"","_kad_post_transparent":"","_kad_post_title":"","_kad_post_layout":"","_kad_post_sidebar_id":"","_kad_post_content_style":"","_kad_post_vertical_padding":"","_kad_post_feature":"","_kad_post_feature_position":"","_kad_post_header":false,"_kad_post_footer":false,"footnotes":""},"class_list":["post-3","page","type-page","status-publish","hentry"],"featured_image_src_large":false,"author_info":{"display_name":"admin","author_link":"https:\/\/www.tagororlosolivitos.com\/de\/blog\/author\/e9jcgswvneybrica\/"},"comment_info":0,"taxonomy_info":[],"_links":{"self":[{"href":"https:\/\/www.tagororlosolivitos.com\/de\/wp-json\/wp\/v2\/pages\/3","targetHints":{"allow":["GET"]}}],"collection":[{"href":"https:\/\/www.tagororlosolivitos.com\/de\/wp-json\/wp\/v2\/pages"}],"about":[{"href":"https:\/\/www.tagororlosolivitos.com\/de\/wp-json\/wp\/v2\/types\/page"}],"author":[{"embeddable":true,"href":"https:\/\/www.tagororlosolivitos.com\/de\/wp-json\/wp\/v2\/users\/1"}],"replies":[{"embeddable":true,"href":"https:\/\/www.tagororlosolivitos.com\/de\/wp-json\/wp\/v2\/comments?post=3"}],"version-history":[{"count":8,"href":"https:\/\/www.tagororlosolivitos.com\/de\/wp-json\/wp\/v2\/pages\/3\/revisions"}],"predecessor-version":[{"id":2206,"href":"https:\/\/www.tagororlosolivitos.com\/de\/wp-json\/wp\/v2\/pages\/3\/revisions\/2206"}],"wp:attachment":[{"href":"https:\/\/www.tagororlosolivitos.com\/de\/wp-json\/wp\/v2\/media?parent=3"}],"curies":[{"name":"wp","href":"https:\/\/api.w.org\/{rel}","templated":true}]}}