{"id":2007,"date":"2023-07-19T06:02:42","date_gmt":"2023-07-19T06:02:42","guid":{"rendered":"https:\/\/tagororlosolivitos.com\/?page_id=2007"},"modified":"2023-08-12T16:39:24","modified_gmt":"2023-08-12T16:39:24","slug":"terminos-y-condiciones","status":"publish","type":"page","link":"https:\/\/www.tagororlosolivitos.com\/de\/bedingungen-und-konditionen\/","title":{"rendered":"Bedingungen und Konditionen"},"content":{"rendered":"<h2 class=\"wp-block-heading\">ALLGEMEINE BEDINGUNGEN<\/h2>\n\n\n\n<p>Tagoror Sportvereinigung Tagoror los Olivitos<br>Calle la Hoyita 5<\/p>\n\n\n\n<p>Adeje - Teneriffa<\/p>\n\n\n\n<p>1.- Annahme der allgemeinen Bedingungen f\u00fcr die Nutzung und den Zugang zur Website.<\/p>\n\n\n\n<p>Mit der Inanspruchnahme der Dienstleistungen von tagororlosolivitos.com akzeptieren die Benutzer die vorliegenden allgemeinen Nutzungsbedingungen, die die Rechte und Pflichten von tagororlosolivitos.com und den Benutzern im Rahmen der Website festlegen.<\/p>\n\n\n\n<p>Dies sind die allgemeinen Nutzungsbedingungen, die f\u00fcr die Nutzung der Website (unbeschadet der Tatsache, dass es f\u00fcr bestimmte Dienstleistungen spezifische Bedingungen geben kann) und f\u00fcr den Abschluss von Vertr\u00e4gen \u00fcber Dienstleistungen gelten, und sie ersetzen alle anderen Bedingungen, es sei denn, sie wurden vorher schriftlich zwischen tagororlosolivitos.com und dem Benutzer vereinbart.<\/p>\n\n\n\n<p>Die Benutzer m\u00fcssen sich nicht registrieren, um auf die Website zugreifen zu k\u00f6nnen.  Um jedoch die von tagororlosolivitos.com angebotenen Dienstleistungen in Anspruch zu nehmen, ist die Zahlung per Kreditkarte und die Identifizierung des Mitglieds erforderlich. <\/p>\n\n\n\n<p>2.- Zweck der Website<\/p>\n\n\n\n<p>Tagororlosolivitos.com hat diese Website entwickelt, um seinen Mitgliedern einen Buchungsservice f\u00fcr Unterk\u00fcnfte anzubieten.<\/p>\n\n\n\n<p>3.- Buchung auf tagororlosolivitos.com und Registrierung auf der Website<\/p>\n\n\n\n<p>Um eine Reservierung \u00fcber die Website vorzunehmen, m\u00fcssen die Mitglieder ihre pers\u00f6nlichen Daten (Vor- und Nachname, E-Mail, Telefon und Mobiltelefon) angeben, damit tagororlosolivitos.com die vom Mitglied gew\u00fcnschte Reservierung vornehmen kann.<\/p>\n\n\n\n<p>Durch die vorliegenden Allgemeinen Nutzungsbedingungen erkl\u00e4ren die Mitglieder, wahrheitsgem\u00e4\u00dfe, genaue, aktuelle und vollst\u00e4ndige Angaben zu ihrer Identit\u00e4t zu machen. In diesem Sinne sind die Mitglieder verantwortlich f\u00fcr die Richtigkeit der Daten, die sie tagororlosolivitos.com zur Verf\u00fcgung stellen, und f\u00fcr alle Konsequenzen, die sich aus Fehlern in den bereitgestellten Informationen ergeben k\u00f6nnen.<\/p>\n\n\n\n<p>In \u00dcbereinstimmung mit den oben genannten, m\u00fcssen die Mitglieder sofort benachrichtigen tagororlosolivitos.com per E-Mail tagororlosolivitos@gmail.com, jede missbr\u00e4uchliche Verwendung Ihres Mitgliedsnamen und \/ oder Passwort, aufgrund von Umst\u00e4nden wie Diebstahl, Verlust oder unbefugten Zugriff auf sie, so dass tagororlosolivitos.com kann auf seine K\u00fcndigung oder Sperrung und \/ oder Deaktivierung, sobald er wei\u00df, den Missbrauch und die Reservierung von Dienstleistungen. Solange solche Tatsachen nicht mitgeteilt werden, wird tagororlosolivitos.com von jeglicher Haftung, die aus dem Missbrauch von Benutzernamen oder Passw\u00f6rtern durch unbefugte Dritte entstehen k\u00f6nnen, befreit werden.<\/p>\n\n\n\n<p>Mit der Annahme dieser Allgemeinen Nutzungsbedingungen erkl\u00e4rt das Mitglied, dass es \u00fcber 18 Jahre alt ist und die F\u00e4higkeit besitzt, den Inhalt dieser Bedingungen zu verstehen und zu akzeptieren.<\/p>\n\n\n\n<p>Tagororlosolivitos.com weist Sie darauf hin, dass Tagororlosolivitos.com keine Verantwortung \u00fcbernimmt, wenn der Partner die Dienste von Tagororlosolivitos.com in Anspruch nimmt und gegen die Bestimmungen der vorhergehenden Abs\u00e4tze verst\u00f6\u00dft.<\/p>\n\n\n\n<p>4.- Besondere Bedingungen f\u00fcr die Buchung von Aktivit\u00e4ten und Ausfl\u00fcgen.<\/p>\n\n\n\n<p>Die Reservierungen, die jedes Mitglied \u00fcber die Website vornimmt, unterliegen den spezifischen Bedingungen, die f\u00fcr jede Unterkunft\/Aktivit\u00e4t gelten. Das Mitglied kann diese Bedingungen in der Beschreibung jeder dieser Dienstleistungen finden, sowie in der Best\u00e4tigungs-E-Mail, die tagororlosolivitos.com ihm nach der Buchung schickt.<\/p>\n\n\n\n<p>4.1.- Allgemeine Bedingungen f\u00fcr alle Reservierungen.<\/p>\n\n\n\n<p>Die Mitglieder k\u00f6nnen die Details ihrer Reservierungen \u00e4ndern, sofern die Bedingungen der Reservierung dies zulassen. Um diese \u00c4nderung vorzunehmen, muss das Mitglied eine E-Mail an tagororlosolivitos@gmail.com senden oder sich direkt an unsere Adresse wenden.<\/p>\n\n\n\n<p>Tagororlosolivitos.com informiert Sie dar\u00fcber, dass es nicht m\u00f6glich ist, weniger Zeit im Voraus zu buchen als in der entsprechenden Unterkunftsdatei angegeben.<\/p>\n\n\n\n<p>F\u00fcr private Buchungen kontaktieren Sie bitte tagororlosolivitos.com, indem Sie eine E-Mail an tagororlosolivitos@gmail.com senden. Die Buchungen, die jedes Mitglied \u00fcber die Website vornimmt, unterliegen bestimmten Bedingungen. Das Mitglied findet diese Bedingungen auf der Beschreibungsseite der Website f\u00fcr jede dieser Unterk\u00fcnfte sowie in der Best\u00e4tigungs-E-Mail, die dem Mitglied nach der Reservierung zugesandt wird.<\/p>\n\n\n\n<p>4.2.- Besondere Bedingungen f\u00fcr die Reservierung.<\/p>\n\n\n\n<p>Auf der Website sowie in der Best\u00e4tigungs-E-Mail, die Sie von tagororlosolivitos.com erhalten, werden der Treffpunkt sowie das Datum und die Uhrzeit der Buchung angegeben.<\/p>\n\n\n\n<p>In der Best\u00e4tigungs-E-Mail werden dem Mitglied neben allen Informationen \u00fcber die gebuchte Unterkunft auch ein Gutschein f\u00fcr die gebuchte Unterkunft zur Verf\u00fcgung gestellt, den das Mitglied bei der Ankunft vorlegen kann.<\/p>\n\n\n\n<p>5.- Besondere Bedingungen f\u00fcr Vorbehalte.<\/p>\n\n\n\n<p>Jede der von tagororlosolivitos.com auf der Website angebotenen Dienstleistungen unterliegt bestimmten spezifischen Bedingungen, die die Mitglieder auf der entsprechenden Seite (auf der Website) oder in der Best\u00e4tigungs-E-Mail, die sie von tagororlosolivitos.com erhalten, wenn sie eine Buchung vorgenommen haben, einsehen k\u00f6nnen.<\/p>\n\n\n\n<p>Unbeschadet der vorstehenden Ausf\u00fchrungen sollten die Partner die folgenden Punkte beachten:<\/p>\n\n\n\n<p>Unterkunftspl\u00e4tze: Die auf der Website angegebene Anzahl der Pl\u00e4tze ist die maximale Anzahl von Personen, die in der Unterkunft untergebracht werden k\u00f6nnen.<\/p>\n\n\n\n<p>\u00c4nderung der gebuchten Unterkunft: Das Mitglied kann die \u00dcbertragung \u00e4ndern, wenn die Bedingungen der gebuchten Unterkunft dies zulassen. In jedem Fall kann das Mitglied die entsprechende \u00c4nderung per E-Mail vornehmen.<\/p>\n\n\n\n<p><\/p>\n\n\n\n<p>7. die Stornierungsbedingungen.<\/p>\n\n\n\n<p>F\u00fcr jede der von VISITANDDO.COM auf der Website angebotenen Dienstleistungen (Aktivit\u00e4ten, Ausfl\u00fcge, F\u00fchrungen und Transfers) gelten besondere Stornierungsbedingungen, die der Nutzer in der Beschreibung der Aktivit\u00e4t (auf der Website) sowie in der Best\u00e4tigungs-E-Mail, die VISITANDDO.COM ihm nach der Buchung zusendet, einsehen kann.<\/p>\n\n\n\n<p>In der Regel k\u00f6nnen Stornierungen bis zu 24 Stunden vor Beginn der Leistung erfolgen, mit Ausnahme des Ausflugs nach Granada mit Besuch der Alhambra, der 3 Tage vor Beginn der Leistung stattfindet. Erfolgt die Stornierung innerhalb dieser 3 Tage, betr\u00e4gt die Stornogeb\u00fchr 100% des Preises f\u00fcr den Ausflug. Der Caminito del Rey kann aufgrund der Verf\u00fcgbarkeit von Fahrkarten und Fahrpl\u00e4nen bis zu 48 Stunden vor Beginn der Fahrt kostenlos storniert werden. Nach dieser Frist wird die Stornogeb\u00fchr 100% des Preises der Exkursion sein.<\/p>\n\n\n\n<p>In \u00dcbereinstimmung mit dem Vorstehenden und durch die Annahme dieser allgemeinen Nutzungsbedingungen erkl\u00e4rt der Nutzer, dass er diese Stornierungsbedingungen gelesen und ausdr\u00fccklich akzeptiert hat und den Stornierungsbedingungen f\u00fcr die \u00fcber die Website gebuchte Aktivit\u00e4t oder den Transfer zustimmt.<\/p>\n\n\n\n<p>8. das Verhalten auf der Website.<\/p>\n\n\n\n<p>Der Nutzer verpflichtet sich, alle Informationen oder Inhalte, auf die er \u00fcber die Website zugreift, rechtm\u00e4\u00dfig, sorgf\u00e4ltig, ehrlich und korrekt zu nutzen, und zwar in gutem Glauben und unter st\u00e4ndiger Beachtung des geltenden Rechts und der vorliegenden Allgemeinen Nutzungsbedingungen. Insbesondere, aber ohne Einschr\u00e4nkung, d\u00fcrfen die Nutzer nicht:<\/p>\n\n\n\n<p>\u00dcbermittlung von Daten, die nicht wahr, genau, vollst\u00e4ndig und\/oder aktuell sind, oder Zugriff auf die Website unter Verwendung des Namens, der Identifikationsdaten oder des Passworts eines anderen Nutzers oder Nachahmung einer Person oder Identit\u00e4t.<\/p>\n\n\n\n<p>die Website f\u00fcr betr\u00fcgerische Zwecke oder in Verbindung mit Straftaten oder ungesetzlichen Aktivit\u00e4ten jeglicher Art zu nutzen.<\/p>\n\n\n\n<p>Computerviren einzuf\u00fchren oder zu verbreiten, die unbefugte \u00c4nderungen an den Inhalten oder Systemen der Website verursachen k\u00f6nnen.<\/p>\n\n\n\n<p>ein Profil zu erstellen oder die Website zu nutzen, um Material zu verwenden oder wiederzuverwenden, das in irgendeiner Weise ungesetzlich, anst\u00f6\u00dfig, pornografisch, missbr\u00e4uchlich, beleidigend, unanst\u00e4ndig, verleumderisch, obsz\u00f6n oder bedrohlich ist oder gegen das Urheberrecht, das Markenrecht, die Vertraulichkeit, die Privatsph\u00e4re oder ein anderes Recht verst\u00f6\u00dft oder in anderer Weise Dritte verletzt oder verwerflich ist.<\/p>\n\n\n\n<p>Inhalte oder Anwendungen herunterzuladen, zu versenden oder anderweitig zu verbreiten, die gegen geltendes Recht versto\u00dfen oder die Rechte Dritter verletzen k\u00f6nnten.<\/p>\n\n\n\n<p>Tagororlosolivitos.com beh\u00e4lt sich das Recht vor, jeden Versuch, auf die Website zuzugreifen, zu verweigern oder Benutzerkonten zu l\u00f6schen, wenn die Website in \u00dcbereinstimmung mit den Bestimmungen dieser Klausel nicht ordnungsgem\u00e4\u00df genutzt wird.<\/p>\n\n\n\n<p>9.- Meinungen, Kommentare, Mitteilungen und andere Inhalte.<\/p>\n\n\n\n<p><\/p>\n\n\n\n<p>Insbesondere beh\u00e4lt sich tagororlosolivitos.com das Recht vor, Meinungen nicht zu ver\u00f6ffentlichen, deren Inhalt die folgenden Ausdr\u00fccke enthalten k\u00f6nnte:<\/p>\n\n\n\n<p>Diskriminierende \u00c4u\u00dferungen: In keinem Fall sind \u00c4u\u00dferungen erlaubt, die sich gegen eine Person richten und die Grunds\u00e4tze des Rechts auf Ehre, auf pers\u00f6nliche und famili\u00e4re Privatsph\u00e4re, auf das eigene Bild und auf die W\u00fcrde der Person verletzen. Jede Art von diskriminierender Ver\u00f6ffentlichung, sei es aus Gr\u00fcnden der Rasse, des Geschlechts, der Religion, der Meinung, der Nationalit\u00e4t, einer Behinderung oder eines anderen pers\u00f6nlichen oder sozialen Umstands, ist verboten.<\/p>\n\n\n\n<p>Illegale Aktivit\u00e4ten: Es ist nicht zul\u00e4ssig, dass Inhalte illegale Aktivit\u00e4ten f\u00f6rdern oder obsz\u00f6ne oder verleumderische Inhalte enthalten.<\/p>\n\n\n\n<p>Gewalt: Ausdr\u00fccklich untersagt sind \u00c4u\u00dferungen, die Gewalt f\u00f6rdern und\/oder unter anderem sexuelle Gewalt oder Gewalt gegen Tiere und Menschen beinhalten.<\/p>\n\n\n\n<p>Entw\u00fcrdigender Inhalt: Meinungen oder Kommentare, die einsch\u00fcchternd, bedrohend oder erniedrigend sind oder in irgendeiner Weise Gewalt gegen eine Person oder Gruppe f\u00f6rdern, sind nicht erlaubt.<\/p>\n\n\n\n<p>10.- Ausschluss der Haftung.<\/p>\n\n\n\n<p>Als Beispiel, aber nicht beschr\u00e4nkt auf, ist tagororlosolivitos.com nicht verantwortlich f\u00fcr die folgenden Umst\u00e4nde:<\/p>\n\n\n\n<p>Stornierungen nach Ablauf der Frist durch die Mitglieder. tagororlosolivitos.com ist unter keinen Umst\u00e4nden f\u00fcr die R\u00fcckerstattung der von den Mitgliedern gezahlten Betr\u00e4ge verantwortlich, wenn diese die in den geltenden Stornierungsbedingungen vorgesehene Frist nicht eingehalten haben.<\/p>\n\n\n\n<p>tagororlosolivitos.com \u00fcbernimmt keine Verantwortung, wenn das Mitglied die Unterkunft verpasst oder unp\u00fcnktlich ist.<\/p>\n\n\n\n<p>Sch\u00e4den und Diebstahl, die den Mitgliedern und ihrem Eigentum w\u00e4hrend der vertraglichen Unterbringung entstehen.<\/p>\n\n\n\n<p>F\u00fcr Verletzungen, Sch\u00e4den und Unf\u00e4lle, die das Mitglied w\u00e4hrend des Aufenthalts erleidet, sowie f\u00fcr Verletzungen, Sch\u00e4den und Unf\u00e4lle, die das Mitglied vor der Buchung erlitten hat und die es daran gehindert haben, den Aufenthalt zu genie\u00dfen.<\/p>\n\n\n\n<p>Au\u00dferdem gibt tagororlosolivitos.com keine Garantie und ist in keinem Fall verantwortlich f\u00fcr Sch\u00e4den jeglicher Art, die aus dem Zugang oder der Nutzung des Inhalts oder der Website entstehen k\u00f6nnen. Unter anderem, und als Beispiel und nicht beschr\u00e4nkt auf, tagororlosolivitos.com ist nicht verantwortlich f\u00fcr die folgenden Umst\u00e4nde:<\/p>\n\n\n\n<p>Mangelnde Verf\u00fcgbarkeit, Wartung und effektives Funktionieren der Website und\/oder ihrer Dienste oder Inhalte sowie f\u00fcr Sch\u00e4den jeglicher Art, die auf die mangelnde Verf\u00fcgbarkeit oder Kontinuit\u00e4t des Funktionierens der Website zur\u00fcckzuf\u00fchren sein k\u00f6nnten.<\/p>\n\n\n\n<p>Technische St\u00f6rungen, die Dritten zuzuschreiben sind, oder h\u00f6here Gewalt, die das ordnungsgem\u00e4\u00dfe Funktionieren der Website verhindern.<\/p>\n\n\n\n<p>F\u00e4lle von h\u00f6herer Gewalt, verstanden als der Ausfall, die Aussetzung oder Unterbrechung der Dienstleistungen oder der Nutzung der Website, als Folge der Blockierung des Internet-Netzes, Handlungen oder Unterlassungen Dritter, oder andere Ursachen oder Umst\u00e4nde au\u00dferhalb der Kontrolle von VISITANDDO.COM, die die normale Nutzung der Website verhindern.<\/p>\n\n\n\n<p>Die unerlaubte, fahrl\u00e4ssige oder betr\u00fcgerische Nutzung der Website durch die Nutzer, die gegen die Bestimmungen dieser Allgemeinen Nutzungsbedingungen oder gegen Treu und Glauben verst\u00f6\u00dft.<\/p>\n\n\n\n<p>Geistiges Eigentum.<\/p>\n\n\n\n<p>11.1.- Geistiges und industrielles Eigentum in Bezug auf die Website, die Eigentum von tagororlosolivitos.com ist<\/p>\n\n\n\n<p>Alle Rechte am Inhalt, am Design und am Quellcode dieser Website und insbesondere, aber nicht ausschlie\u00dflich, alle Rechte an Fotos, Bildern, Texten, Logos, Designs, Marken, Handelsnamen, Daten, die auf der Website enthalten sind, sowie alle anderen Rechte an geistigem und gewerblichem Eigentum sind Eigentum von tagororlosolivitos.com oder von Dritten, die tagororlosolivitos.com ausdr\u00fccklich die Genehmigung erteilt haben, sie auf der Website zu verwenden.<\/p>\n\n\n\n<p>Aus diesem Grund und aufgrund der Bestimmungen des K\u00f6niglichen Gesetzesdekrets 1\/1996 vom 12. April, mit dem der \u00fcberarbeitete Text des Gesetzes \u00fcber das geistige Eigentum genehmigt wird, das die geltenden Rechtsvorschriften zu diesem Thema regelt, pr\u00e4zisiert und harmonisiert (im Folgenden \"Gesetz \u00fcber das geistige Eigentum\"), sowie des Gesetzes 17\/2001 vom 7. Dezember \u00fcber Marken und erg\u00e4nzende Rechtsvorschriften zum geistigen und gewerblichen Eigentum, ist die Vervielf\u00e4ltigung, \u00dcbertragung, Anpassung, \u00dcbersetzung, Verbreitung, \u00f6ffentliche Kommunikation, einschlie\u00dflich der Modalit\u00e4ten der Bereitstellung, des gesamten Inhalts oder eines Teils des Inhalts der Website in jeglicher Form und mit jeglichen technischen Mitteln ausdr\u00fccklich verboten, es sei denn, es liegt eine ausdr\u00fcckliche schriftliche Genehmigung von tagororlosolivitos.com.<\/p>\n\n\n\n<p>tagororlosolivitos.com gew\u00e4hrt keinerlei Lizenz oder Nutzungsgenehmigung f\u00fcr seine geistigen und gewerblichen Eigentumsrechte oder f\u00fcr irgendein anderes Eigentum oder Recht im Zusammenhang mit der Website, und in keinem Fall kann davon ausgegangen werden, dass der Zugang und die Navigation der Benutzer einen Verzicht, eine \u00dcbertragung, eine Lizenz oder eine vollst\u00e4ndige oder teilweise Abtretung dieser Rechte seitens tagororlosolivitos.com bedeutet.<\/p>\n\n\n\n<p>Jede Verwendung solcher Inhalte, die nicht zuvor vom Partner genehmigt wurde, wird als schwerwiegende Verletzung der Rechte an geistigem oder gewerblichem Eigentum betrachtet und zieht die gesetzlich festgelegten Haftungen nach sich.<\/p>\n\n\n\n<p>11.2.- Geistiges Eigentum im Zusammenhang mit den Meinungen der Mitglieder auf der tagororlosolivitos.com Facebook ver\u00f6ffentlicht.<\/p>\n\n\n\n<p>Da die Website die Ver\u00f6ffentlichung von Meinungen erlaubt, gew\u00e4hren die Nutzer tagororlosolivitos.com eine universelle, uneingeschr\u00e4nkte und kostenlose Lizenz f\u00fcr die Nutzung, Verbreitung, \u00f6ffentliche Kommunikation, Anpassung und Reproduktion dieser Meinungen. Durch diese Lizenz kann tagororlosolivitos.com die Meinungen der Partner f\u00fcr Werbe- und Promotionszwecke auf Websites und sozialen Netzwerken, die tagororlosolivitos.com geh\u00f6ren, umwandeln, anpassen und schlie\u00dflich verwenden.<\/p>\n\n\n\n<p>12.- \u00c4nderungen<\/p>\n\n\n\n<p>tagororlosolivitos.com beh\u00e4lt sich das Recht vor, die vorliegenden Allgemeinen Nutzungsbedingungen nach eigenem Ermessen zu \u00e4ndern, wobei die Mitglieder zuvor dar\u00fcber informiert werden. Diese \u00c4nderungen werden g\u00fcltig, sobald sie auf der Website ver\u00f6ffentlicht werden.<\/p>\n\n\n\n<p>13.- Schutzklausel.<\/p>\n\n\n\n<p>Alle Klauseln oder Bestimmungen dieser Allgemeinen Nutzungsbedingungen sind unabh\u00e4ngig und eigenst\u00e4ndig auszulegen, und die \u00fcbrigen Bestimmungen bleiben unber\u00fchrt, wenn eine von ihnen durch ein Gerichtsurteil oder eine endg\u00fcltige schiedsgerichtliche Entscheidung f\u00fcr nichtig erkl\u00e4rt wird. Die betroffene(n) Klausel(n) wird (werden) durch eine oder mehrere andere ersetzt, die die mit den Allgemeinen Nutzungsbedingungen verfolgten Wirkungen aufrechterhalten.<\/p>\n\n\n\n<p>14.- Zust\u00e4ndigkeit und anwendbares Recht.<\/p>\n\n\n\n<p>Die vorliegenden Allgemeinen Nutzungsbedingungen unterliegen dem spanischen Recht. Im Falle eines Rechtsstreits \u00fcber die Auslegung, Ausf\u00fchrung oder G\u00fcltigkeit der vorliegenden Allgemeinen Nutzungsbedingungen sind die Gerichte des Nutzers zust\u00e4ndig.<\/p>\n\n\n\n<p>Gem\u00e4\u00df den Bestimmungen der Verordnung (EU) Nr. 524\/2013 des Europ\u00e4ischen Parlaments und des Rates vom 21. Mai 2013 \u00fcber die Online-Beilegung verbraucherrechtlicher Streitigkeiten informiert tagorororlosolivitos.com Sie au\u00dferdem dar\u00fcber, dass Mitglieder mit Wohnsitz in der Europ\u00e4ischen Union im Falle einer Streitigkeit die von der Europ\u00e4ischen Kommission entwickelte \"Online-Streitbeilegungs-Plattform\" nutzen k\u00f6nnen, um zu versuchen, eine Streitigkeit, die sich aus der Erbringung von Dienstleistungen durch tagorororlosolivitos.com ergibt, au\u00dfergerichtlich zu l\u00f6sen.<\/p>\n\n\n\n<p>Der Zugang zur \"Online-Streitbeilegungsplattform\" ist \u00fcber folgenden Link m\u00f6glich: http:\/\/ec.europa.eu\/consumers\/odr<\/p>\n\n\n\n<p>In jedem Fall informiert tagororlosolivitos.com die Partner, dass es ein Beschwerdeformular hat, \u00fcber das Sie jede Beschwerde oder Forderung in Bezug auf die von tagororlosolivitos.com angebotenen Dienstleistungen vorbringen k\u00f6nnen.<\/p>","protected":false},"excerpt":{"rendered":"<p>CONDICIONES GENERALES Asociacion Deportiva Tagoror los OlivitosCalle la Hoyita 5 Adeje &#8211; Tenerife 1.- Aceptaci\u00f3n de las condiciones generales de uso y acceso al sitio web. Al contratar los servicios de tagororlosolivitos.com, los Usuarios aceptan las presentes Condiciones Generales de Uso, las cuales definen los derechos y obligaciones de tagororlosolivitos.com y los Usuarios en el&#8230;<\/p>","protected":false},"author":1,"featured_media":0,"parent":0,"menu_order":98,"comment_status":"closed","ping_status":"closed","template":"","meta":{"_kad_blocks_custom_css":"","_kad_blocks_head_custom_js":"","_kad_blocks_body_custom_js":"","_kad_blocks_footer_custom_js":"","_kad_post_transparent":"","_kad_post_title":"","_kad_post_layout":"","_kad_post_sidebar_id":"","_kad_post_content_style":"","_kad_post_vertical_padding":"","_kad_post_feature":"","_kad_post_feature_position":"","_kad_post_header":false,"_kad_post_footer":false,"footnotes":""},"class_list":["post-2007","page","type-page","status-publish","hentry"],"featured_image_src_large":false,"author_info":{"display_name":"admin","author_link":"https:\/\/www.tagororlosolivitos.com\/de\/blog\/author\/e9jcgswvneybrica\/"},"comment_info":0,"taxonomy_info":[],"_links":{"self":[{"href":"https:\/\/www.tagororlosolivitos.com\/de\/wp-json\/wp\/v2\/pages\/2007","targetHints":{"allow":["GET"]}}],"collection":[{"href":"https:\/\/www.tagororlosolivitos.com\/de\/wp-json\/wp\/v2\/pages"}],"about":[{"href":"https:\/\/www.tagororlosolivitos.com\/de\/wp-json\/wp\/v2\/types\/page"}],"author":[{"embeddable":true,"href":"https:\/\/www.tagororlosolivitos.com\/de\/wp-json\/wp\/v2\/users\/1"}],"replies":[{"embeddable":true,"href":"https:\/\/www.tagororlosolivitos.com\/de\/wp-json\/wp\/v2\/comments?post=2007"}],"version-history":[{"count":5,"href":"https:\/\/www.tagororlosolivitos.com\/de\/wp-json\/wp\/v2\/pages\/2007\/revisions"}],"predecessor-version":[{"id":2518,"href":"https:\/\/www.tagororlosolivitos.com\/de\/wp-json\/wp\/v2\/pages\/2007\/revisions\/2518"}],"wp:attachment":[{"href":"https:\/\/www.tagororlosolivitos.com\/de\/wp-json\/wp\/v2\/media?parent=2007"}],"curies":[{"name":"wp","href":"https:\/\/api.w.org\/{rel}","templated":true}]}}